{"id":192,"date":"2015-08-19T16:43:16","date_gmt":"2015-08-19T15:43:16","guid":{"rendered":"http:\/\/oostdam-metalen.nl\/?page_id=192&#038;lang=de"},"modified":"2023-04-03T15:04:11","modified_gmt":"2023-04-03T14:04:11","slug":"home","status":"publish","type":"page","link":"https:\/\/oostdam-metalen.nl\/de\/","title":{"rendered":"Home"},"content":{"rendered":"<div class=\"wpb-content-wrapper\"><p>[vc_row full_width=&#8220;1&#8243; overlay_color=&#8220;#ffffff&#8220; overlay_color_opacity=&#8220;20&#8243; parallax=&#8220;1&#8243; toc_id=&#8220;home-row&#8220; bg_image_fb=&#8220;54&#8243; css=&#8220;.vc_custom_1437735182110{padding-top: 50px !important;padding-bottom: 50px !important;background: #efefef url(http:\/\/oostdam-metalen.nl\/wp-content\/uploads\/2015\/07\/bg_wit.jpg?id=54);}&#8220;][vc_column width=&#8220;1\/3&#8243; css=&#8220;.vc_custom_1437734069784{border-top-width: 1px !important;border-bottom-width: 1px !important;background-color: rgba(255,255,255,0.01) !important;*background-color: rgb(255,255,255) !important;border-top-color: #cecece !important;border-top-style: none !important;border-bottom-color: #cecece !important;border-bottom-style: none !important;}&#8220;][vc_empty_space height=&#8220;15px&#8220;][vc_single_image image=&#8220;384&#8243; img_size=&#8220;full&#8220; alignment=&#8220;center&#8220; onclick=&#8220;custom_link&#8220; css=&#8220;.vc_custom_1437740537075{border-top-width: 2px !important;border-right-width: 2px !important;border-bottom-width: 2px !important;border-left-width: 2px !important;border-left-color: #8e8e8e !important;border-left-style: solid !important;border-right-color: #8e8e8e !important;border-right-style: solid !important;border-top-color: #8e8e8e !important;border-top-style: solid !important;border-bottom-color: #8e8e8e !important;border-bottom-style: solid !important;}&#8220; link=&#8220;\/verwerking\/&#8220;][vc_column_text]<\/p>\n<h4>Verarbeitung<\/h4>\n<p>Die Materialen werden auf eigenen Schrottpl\u00e4tzen sortiert, getrennt, verarbeitet und zerkleinert.<\/p>\n<p>Wir stellen bei unseren Gesch\u00e4ftspartnern, die Schrott und Nichteisen-Metalle von uns verarbeiten lassen, Container in allen gew\u00fcnschten Gr\u00f6\u03b2en auf. Unser eigener Transportdienst gew\u00e4hrleistet eine schnelle Abwicklung der verschiedenen Auftr\u00e4ge. Oostdam verf\u00fcgt \u00fcber eine eigene Anlegestelle zum ein- und ausladen.[\/vc_column_text][\/vc_column][vc_column width=&#8220;1\/3&#8243; css=&#8220;.vc_custom_1437734063894{border-top-width: 1px !important;border-bottom-width: 1px !important;background-color: rgba(255,255,255,0.01) !important;*background-color: rgb(255,255,255) !important;border-top-color: #cecece !important;border-top-style: none !important;border-bottom-color: #cecece !important;border-bottom-style: none !important;}&#8220;][vc_empty_space height=&#8220;15px&#8220;][vc_single_image image=&#8220;381&#8243; img_size=&#8220;full&#8220; alignment=&#8220;center&#8220; onclick=&#8220;custom_link&#8220; css=&#8220;.vc_custom_1439991216233{border-top-width: 2px !important;border-right-width: 2px !important;border-bottom-width: 2px !important;border-left-width: 2px !important;border-left-color: #8e8e8e !important;border-left-style: solid !important;border-right-color: #8e8e8e !important;border-right-style: solid !important;border-top-color: #8e8e8e !important;border-top-style: solid !important;border-bottom-color: #8e8e8e !important;border-bottom-style: solid !important;}&#8220; link=&#8220;\/wagenpark\/&#8220;][vc_column_text]<\/p>\n<h4>Wagenpark<\/h4>\n<p>Oostdam verf\u00fcgt \u00fcber einen jungen und modernen Wagenpark. In diesem Wagenpark befinden sich sowohl Truck-H\u00e4nger, Truck-Sattel Kombinationen und Containersysteme f\u00fcr unterschiedlichste Einsatzbedingen mit einem Inhalt von 1 m3 bis 35 m3. Unseren Kunden, die sowohl Industriebetriebe, H\u00e4ndler, Abbruchfirmen und Privatleute sein k\u00f6nnen, garantieren wir kurze Reaktionszeiten beim stellen, wechseln und Abholen der Container.[\/vc_column_text][\/vc_column][vc_column width=&#8220;1\/3&#8243; css=&#8220;.vc_custom_1437734057731{border-top-width: 1px !important;border-bottom-width: 1px !important;background-color: rgba(255,255,255,0.01) !important;*background-color: rgb(255,255,255) !important;border-top-color: #cecece !important;border-top-style: none !important;border-bottom-color: #cecece !important;border-bottom-style: none !important;}&#8220;][vc_empty_space height=&#8220;15px&#8220;][vc_single_image image=&#8220;387&#8243; img_size=&#8220;full&#8220; alignment=&#8220;center&#8220; onclick=&#8220;custom_link&#8220; css=&#8220;.vc_custom_1437740606810{border-top-width: 2px !important;border-right-width: 2px !important;border-bottom-width: 2px !important;border-left-width: 2px !important;border-left-color: #8e8e8e !important;border-left-style: solid !important;border-right-color: #8e8e8e !important;border-right-style: solid !important;border-top-color: #8e8e8e !important;border-top-style: solid !important;border-bottom-color: #8e8e8e !important;border-bottom-style: solid !important;}&#8220; link=&#8220;\/contact&#8220;][vc_column_text]<\/p>\n<h4>Kontakt<\/h4>\n<p>An der B 99 Nr. 200<br \/>\nD-02827 G\u00f6rlitz<br \/>\nDeutschland<br \/>\n<a href=\"mailto:info@oostdam-metalle.de\">info@oostdam-metalle.de<\/a><\/p>\n<p>Sie interessieren sich f\u00fcr eine unserer Dienstleistungen ?[\/vc_column_text][\/vc_column][\/vc_row][vc_row css=&#8220;.vc_custom_1440151126686{margin-top: -50px !important;}&#8220;][vc_column width=&#8220;1\/3&#8243;][vc_btn title=&#8220;Mehr \u00fcber Verarbeitung&#8220; align=&#8220;center&#8220; button_block=&#8220;true&#8220; link=&#8220;url:%2Fverarbeitung||&#8220;][\/vc_column][vc_column width=&#8220;1\/3&#8243;][vc_btn title=&#8220;Mehr \u00fcber das Wagenpark&#8220; align=&#8220;center&#8220; button_block=&#8220;true&#8220; link=&#8220;url:%2Fwagenpark%2F||&#8220;][\/vc_column][vc_column width=&#8220;1\/3&#8243;][vc_btn title=&#8220;Kontakt&#8220; align=&#8220;center&#8220; button_block=&#8220;true&#8220; link=&#8220;url:%2Fcontact||&#8220;][\/vc_column][\/vc_row][vc_row full_width=&#8220;1&#8243; font_color=&#8220;#ffffff&#8220; css=&#8220;.vc_custom_1437735213325{padding-top: 40px !important;padding-bottom: 25px !important;background-color: #004271 !important;}&#8220;][vc_column][vc_column_text]<\/p>\n<h4 style=\"text-align: center;\"><span style=\"color: #ffffff;\">Oostdam geh\u00f6rt zu den gro\u03b2en Betrieben f\u00fcr die Verarbeitung von und im Handel mit Schrott und Nichteisen-Metallen und im Bereich Abbrucharbeiten. Wir sind Spezialisten f\u00fcr die Demontage von gro\u03b2en Fabrikkomplexen. Wir k\u00fcmmern uns um einfache, aber auch umfangreiche Abbruchprojekte.<br \/>\n<\/span><\/h4>\n<h4 style=\"text-align: center;\"><span style=\"color: #ffffff;\">Unsere Kunden k\u00f6nnen sich auf einen optimalen Service und eine schnelle Abfuhr verlassen.<\/span><\/h4>\n<p>[\/vc_column_text][\/vc_column][\/vc_row][vc_row][vc_column][vc_empty_space][\/vc_column][\/vc_row][vc_row full_width=&#8220;1&#8243;][vc_column width=&#8220;1\/6&#8243; offset=&#8220;vc_hidden-xs&#8220;][vc_single_image image=&#8220;411&#8243;][\/vc_column][vc_column width=&#8220;1\/6&#8243; offset=&#8220;vc_hidden-xs&#8220;][vc_single_image image=&#8220;408&#8243;][\/vc_column][vc_column width=&#8220;1\/6&#8243; offset=&#8220;vc_hidden-xs&#8220;][vc_single_image image=&#8220;405&#8243;][\/vc_column][vc_column width=&#8220;1\/6&#8243; offset=&#8220;vc_hidden-xs&#8220;][vc_single_image image=&#8220;402&#8243;][\/vc_column][vc_column width=&#8220;1\/6&#8243; offset=&#8220;vc_hidden-xs&#8220;][vc_single_image image=&#8220;399&#8243;][\/vc_column][vc_column width=&#8220;1\/6&#8243; offset=&#8220;vc_hidden-xs&#8220;][vc_single_image image=&#8220;411&#8243;][\/vc_column][\/vc_row]<\/p>\n<\/div>","protected":false},"excerpt":{"rendered":"<p>[vc_row full_width=&#8220;1&#8243; overlay_color=&#8220;#ffffff&#8220; overlay_color_opacity=&#8220;20&#8243; parallax=&#8220;1&#8243; toc_id=&#8220;home-row&#8220; bg_image_fb=&#8220;54&#8243; css=&#8220;.vc_custom_1437735182110{padding-top: 50px !important;padding-bottom: 50px !important;background: #efefef url(http:\/\/oostdam-metalen.nl\/wp-content\/uploads\/2015\/07\/bg_wit.jpg?id=54);}&#8220;][vc_column width=&#8220;1\/3&#8243; css=&#8220;.vc_custom_1437734069784{border-top-width: 1px !important;border-bottom-width: 1px !important;background-color: rgba(255,255,255,0.01) !important;*background-color: rgb(255,255,255) !important;border-top-color: #cecece !important;border-top-style: none !important;border-bottom-color: #cecece !important;border-bottom-style: none !important;}&#8220;][vc_empty_space height=&#8220;15px&#8220;][vc_single_image image=&#8220;384&#8243; img_size=&#8220;full&#8220; alignment=&#8220;center&#8220; onclick=&#8220;custom_link&#8220; css=&#8220;.vc_custom_1437740537075{border-top-width: 2px !important;border-right-width: 2px !important;border-bottom-width: 2px !important;border-left-width: 2px !important;border-left-color: #8e8e8e !important;border-left-style: solid !important;border-right-color: #8e8e8e !important;border-right-style: solid !important;border-top-color: #8e8e8e&#8230;<\/p>\n","protected":false},"author":1,"featured_media":0,"parent":0,"menu_order":0,"comment_status":"closed","ping_status":"closed","template":"template-fullwidth.php","meta":{"_acf_changed":false,"_bbp_topic_count":0,"_bbp_reply_count":0,"_bbp_total_topic_count":0,"_bbp_total_reply_count":0,"_bbp_voice_count":0,"_bbp_anonymous_reply_count":0,"_bbp_topic_count_hidden":0,"_bbp_reply_count_hidden":0,"_bbp_forum_subforum_count":0,"footnotes":""},"class_list":["post-192","page","type-page","status-publish","hentry"],"acf":[],"yoast_head":"<!-- This site is optimized with the Yoast SEO plugin v27.2 - https:\/\/yoast.com\/product\/yoast-seo-wordpress\/ -->\n<title>Home - Oostdam Metalen<\/title>\n<meta name=\"robots\" content=\"index, follow, max-snippet:-1, max-image-preview:large, max-video-preview:-1\" \/>\n<link rel=\"canonical\" href=\"https:\/\/oostdam-metalen.nl\/de\/\" \/>\n<meta property=\"og:locale\" content=\"de_DE\" \/>\n<meta property=\"og:type\" content=\"article\" \/>\n<meta property=\"og:title\" content=\"Home - Oostdam Metalen\" \/>\n<meta property=\"og:description\" content=\"[vc_row full_width=&#8220;1&#8243; overlay_color=&#8220;#ffffff&#8220; overlay_color_opacity=&#8220;20&#8243; parallax=&#8220;1&#8243; toc_id=&#8220;home-row&#8220; bg_image_fb=&#8220;54&#8243; css=&#8220;.vc_custom_1437735182110{padding-top: 50px !important;padding-bottom: 50px !important;background: #efefef url(http:\/\/oostdam-metalen.nl\/wp-content\/uploads\/2015\/07\/bg_wit.jpg?id=54);}&#8220;][vc_column width=&#8220;1\/3&#8243; css=&#8220;.vc_custom_1437734069784{border-top-width: 1px !important;border-bottom-width: 1px !important;background-color: rgba(255,255,255,0.01) !important;*background-color: rgb(255,255,255) !important;border-top-color: #cecece !important;border-top-style: none !important;border-bottom-color: #cecece !important;border-bottom-style: none !important;}&#8220;][vc_empty_space height=&#8220;15px&#8220;][vc_single_image image=&#8220;384&#8243; img_size=&#8220;full&#8220; alignment=&#8220;center&#8220; onclick=&#8220;custom_link&#8220; css=&#8220;.vc_custom_1437740537075{border-top-width: 2px !important;border-right-width: 2px !important;border-bottom-width: 2px !important;border-left-width: 2px !important;border-left-color: #8e8e8e !important;border-left-style: solid !important;border-right-color: #8e8e8e !important;border-right-style: solid !important;border-top-color: #8e8e8e...\" \/>\n<meta property=\"og:url\" content=\"https:\/\/oostdam-metalen.nl\/de\/\" \/>\n<meta property=\"og:site_name\" content=\"Oostdam Metalen\" \/>\n<meta property=\"article:modified_time\" content=\"2023-04-03T14:04:11+00:00\" \/>\n<meta name=\"twitter:card\" content=\"summary_large_image\" \/>\n<meta name=\"twitter:label1\" content=\"Gesch\u00e4tzte Lesezeit\" \/>\n\t<meta name=\"twitter:data1\" content=\"2\u00a0Minuten\" \/>\n<script type=\"application\/ld+json\" class=\"yoast-schema-graph\">{\"@context\":\"https:\/\/schema.org\",\"@graph\":[{\"@type\":\"WebPage\",\"@id\":\"https:\/\/oostdam-metalen.nl\/de\/\",\"url\":\"https:\/\/oostdam-metalen.nl\/de\/\",\"name\":\"Home - Oostdam Metalen\",\"isPartOf\":{\"@id\":\"https:\/\/oostdam-metalen.nl\/#website\"},\"datePublished\":\"2015-08-19T15:43:16+00:00\",\"dateModified\":\"2023-04-03T14:04:11+00:00\",\"breadcrumb\":{\"@id\":\"https:\/\/oostdam-metalen.nl\/de\/#breadcrumb\"},\"inLanguage\":\"de\",\"potentialAction\":[{\"@type\":\"ReadAction\",\"target\":[\"https:\/\/oostdam-metalen.nl\/de\/\"]}]},{\"@type\":\"BreadcrumbList\",\"@id\":\"https:\/\/oostdam-metalen.nl\/de\/#breadcrumb\",\"itemListElement\":[{\"@type\":\"ListItem\",\"position\":1,\"name\":\"Home\",\"item\":\"https:\/\/oostdam-metalen.nl\/de\/\"},{\"@type\":\"ListItem\",\"position\":2,\"name\":\"Home\"}]},{\"@type\":\"WebSite\",\"@id\":\"https:\/\/oostdam-metalen.nl\/#website\",\"url\":\"https:\/\/oostdam-metalen.nl\/\",\"name\":\"Oostdam Metalen\",\"description\":\"\",\"potentialAction\":[{\"@type\":\"SearchAction\",\"target\":{\"@type\":\"EntryPoint\",\"urlTemplate\":\"https:\/\/oostdam-metalen.nl\/?s={search_term_string}\"},\"query-input\":{\"@type\":\"PropertyValueSpecification\",\"valueRequired\":true,\"valueName\":\"search_term_string\"}}],\"inLanguage\":\"de\"}]}<\/script>\n<!-- \/ Yoast SEO plugin. -->","yoast_head_json":{"title":"Home - Oostdam Metalen","robots":{"index":"index","follow":"follow","max-snippet":"max-snippet:-1","max-image-preview":"max-image-preview:large","max-video-preview":"max-video-preview:-1"},"canonical":"https:\/\/oostdam-metalen.nl\/de\/","og_locale":"de_DE","og_type":"article","og_title":"Home - Oostdam Metalen","og_description":"[vc_row full_width=&#8220;1&#8243; overlay_color=&#8220;#ffffff&#8220; overlay_color_opacity=&#8220;20&#8243; parallax=&#8220;1&#8243; toc_id=&#8220;home-row&#8220; bg_image_fb=&#8220;54&#8243; css=&#8220;.vc_custom_1437735182110{padding-top: 50px !important;padding-bottom: 50px !important;background: #efefef url(http:\/\/oostdam-metalen.nl\/wp-content\/uploads\/2015\/07\/bg_wit.jpg?id=54);}&#8220;][vc_column width=&#8220;1\/3&#8243; css=&#8220;.vc_custom_1437734069784{border-top-width: 1px !important;border-bottom-width: 1px !important;background-color: rgba(255,255,255,0.01) !important;*background-color: rgb(255,255,255) !important;border-top-color: #cecece !important;border-top-style: none !important;border-bottom-color: #cecece !important;border-bottom-style: none !important;}&#8220;][vc_empty_space height=&#8220;15px&#8220;][vc_single_image image=&#8220;384&#8243; img_size=&#8220;full&#8220; alignment=&#8220;center&#8220; onclick=&#8220;custom_link&#8220; css=&#8220;.vc_custom_1437740537075{border-top-width: 2px !important;border-right-width: 2px !important;border-bottom-width: 2px !important;border-left-width: 2px !important;border-left-color: #8e8e8e !important;border-left-style: solid !important;border-right-color: #8e8e8e !important;border-right-style: solid !important;border-top-color: #8e8e8e...","og_url":"https:\/\/oostdam-metalen.nl\/de\/","og_site_name":"Oostdam Metalen","article_modified_time":"2023-04-03T14:04:11+00:00","twitter_card":"summary_large_image","twitter_misc":{"Gesch\u00e4tzte Lesezeit":"2\u00a0Minuten"},"schema":{"@context":"https:\/\/schema.org","@graph":[{"@type":"WebPage","@id":"https:\/\/oostdam-metalen.nl\/de\/","url":"https:\/\/oostdam-metalen.nl\/de\/","name":"Home - Oostdam Metalen","isPartOf":{"@id":"https:\/\/oostdam-metalen.nl\/#website"},"datePublished":"2015-08-19T15:43:16+00:00","dateModified":"2023-04-03T14:04:11+00:00","breadcrumb":{"@id":"https:\/\/oostdam-metalen.nl\/de\/#breadcrumb"},"inLanguage":"de","potentialAction":[{"@type":"ReadAction","target":["https:\/\/oostdam-metalen.nl\/de\/"]}]},{"@type":"BreadcrumbList","@id":"https:\/\/oostdam-metalen.nl\/de\/#breadcrumb","itemListElement":[{"@type":"ListItem","position":1,"name":"Home","item":"https:\/\/oostdam-metalen.nl\/de\/"},{"@type":"ListItem","position":2,"name":"Home"}]},{"@type":"WebSite","@id":"https:\/\/oostdam-metalen.nl\/#website","url":"https:\/\/oostdam-metalen.nl\/","name":"Oostdam Metalen","description":"","potentialAction":[{"@type":"SearchAction","target":{"@type":"EntryPoint","urlTemplate":"https:\/\/oostdam-metalen.nl\/?s={search_term_string}"},"query-input":{"@type":"PropertyValueSpecification","valueRequired":true,"valueName":"search_term_string"}}],"inLanguage":"de"}]}},"_links":{"self":[{"href":"https:\/\/oostdam-metalen.nl\/de\/wp-json\/wp\/v2\/pages\/192","targetHints":{"allow":["GET"]}}],"collection":[{"href":"https:\/\/oostdam-metalen.nl\/de\/wp-json\/wp\/v2\/pages"}],"about":[{"href":"https:\/\/oostdam-metalen.nl\/de\/wp-json\/wp\/v2\/types\/page"}],"author":[{"embeddable":true,"href":"https:\/\/oostdam-metalen.nl\/de\/wp-json\/wp\/v2\/users\/1"}],"replies":[{"embeddable":true,"href":"https:\/\/oostdam-metalen.nl\/de\/wp-json\/wp\/v2\/comments?post=192"}],"version-history":[{"count":17,"href":"https:\/\/oostdam-metalen.nl\/de\/wp-json\/wp\/v2\/pages\/192\/revisions"}],"predecessor-version":[{"id":460,"href":"https:\/\/oostdam-metalen.nl\/de\/wp-json\/wp\/v2\/pages\/192\/revisions\/460"}],"wp:attachment":[{"href":"https:\/\/oostdam-metalen.nl\/de\/wp-json\/wp\/v2\/media?parent=192"}],"curies":[{"name":"wp","href":"https:\/\/api.w.org\/{rel}","templated":true}]}}