{"id":196,"date":"2015-08-19T16:48:56","date_gmt":"2015-08-19T15:48:56","guid":{"rendered":"http:\/\/oostdam-metalen.nl\/?page_id=196&#038;lang=de"},"modified":"2015-09-01T08:05:53","modified_gmt":"2015-09-01T07:05:53","slug":"qualitaetsnorm","status":"publish","type":"page","link":"https:\/\/oostdam-metalen.nl\/de\/qualitaetsnorm\/","title":{"rendered":"Qualit\u00e4tsnorm"},"content":{"rendered":"<div class=\"wpb-content-wrapper\"><p>[vc_row][vc_column][vc_column_text]Oostdam steht f\u00fcr Qualit\u00e4t. Unsere Kundenliste ist daf\u00fcr der Beweis. Die Qualit\u00e4tszertifikate ISO 9001, ISO 14001 und das niederl\u00e4ndische Sicherheitszertifikat f\u00fcr den Bausektor, das VCA* Zertifikat, stehen als Garant f\u00fcr fachm\u00e4nnisches K\u00f6nnen und eine umweltfreundliche Verarbeitung der uns angebotenen Materialien.<\/p>\n<p>Unser Team von Spezialisten f\u00fcr Metallrecycling und Abbrucharbeiten verf\u00fcgt \u00fcber die modernsten Hilfsmittel.<\/p>\n<p>Das Material muss frei sein von Radioaktivit\u00e4t und von Sprengk\u00f6rpern, explosionsverd\u00e4chtigen Gegenst\u00e4nden, geschlossenen Hohlk\u00f6rpern sowie ionisierender Strahlung. Alle Materialen werden kontrolliert durch unsere Detektoren.<\/p>\n<p><img loading=\"lazy\" decoding=\"async\" class=\"alignnone wp-image-79 size-medium\" src=\"http:\/\/oostdam-metalen.nl\/wp-content\/uploads\/2015\/07\/iso9001-300x138.gif\" alt=\"iso9001\" width=\"300\" height=\"138\" srcset=\"https:\/\/oostdam-metalen.nl\/wp-content\/uploads\/2015\/07\/iso9001-300x138.gif 300w, https:\/\/oostdam-metalen.nl\/wp-content\/uploads\/2015\/07\/iso9001-1024x471.gif 1024w\" sizes=\"auto, (max-width: 300px) 100vw, 300px\" \/>[\/vc_column_text][\/vc_column][\/vc_row][vc_row][vc_column][vc_empty_space][\/vc_column][\/vc_row][vc_row][vc_column][vc_column_text]<\/p>\n<div class=\"mpcth-vc-row-wrap mpcth-vc-row-wrap-full-width \">\n<div class=\"vc_row wpb_row vc_row-fluid\">\n<div class=\"wpb_column vc_column_container vc_col-sm-2 vc_hidden-xs\">\n<div class=\"wpb_wrapper\">\n<div class=\"wpb_single_image wpb_content_element vc_align_left\">\n<div class=\"wpb_wrapper\">\n<div class=\"vc_single_image-wrapper vc_box_border_grey\"><img loading=\"lazy\" decoding=\"async\" class=\"vc_single_image-img attachment-thumbnail\" src=\"http:\/\/oostdam-metalen.nl\/wp-content\/uploads\/2015\/07\/pic6-150x150.jpg\" alt=\"pic6\" width=\"150\" height=\"150\" \/><\/div>\n<\/div>\n<\/div>\n<\/div>\n<\/div>\n<div class=\"wpb_column vc_column_container vc_col-sm-2 vc_hidden-xs\">\n<div class=\"wpb_wrapper\">\n<div class=\"wpb_single_image wpb_content_element vc_align_left\">\n<div class=\"wpb_wrapper\">\n<div class=\"vc_single_image-wrapper vc_box_border_grey\"><img loading=\"lazy\" decoding=\"async\" class=\"vc_single_image-img attachment-thumbnail\" src=\"http:\/\/oostdam-metalen.nl\/wp-content\/uploads\/2015\/07\/pic5-150x150.jpg\" alt=\"pic5\" width=\"150\" height=\"150\" \/><\/div>\n<\/div>\n<\/div>\n<\/div>\n<\/div>\n<div class=\"wpb_column vc_column_container vc_col-sm-2 vc_hidden-xs\">\n<div class=\"wpb_wrapper\">\n<div class=\"wpb_single_image wpb_content_element vc_align_left\">\n<div class=\"wpb_wrapper\">\n<div class=\"vc_single_image-wrapper vc_box_border_grey\"><img loading=\"lazy\" decoding=\"async\" class=\"vc_single_image-img attachment-thumbnail\" src=\"http:\/\/oostdam-metalen.nl\/wp-content\/uploads\/2015\/07\/pic4-150x150.jpg\" alt=\"pic4\" width=\"150\" height=\"150\" \/><\/div>\n<\/div>\n<\/div>\n<\/div>\n<\/div>\n<div class=\"wpb_column vc_column_container vc_col-sm-2 vc_hidden-xs\">\n<div class=\"wpb_wrapper\">\n<div class=\"wpb_single_image wpb_content_element vc_align_left\">\n<div class=\"wpb_wrapper\">\n<div class=\"vc_single_image-wrapper vc_box_border_grey\"><img loading=\"lazy\" decoding=\"async\" class=\"vc_single_image-img attachment-thumbnail\" src=\"http:\/\/oostdam-metalen.nl\/wp-content\/uploads\/2015\/07\/pic3-150x150.jpg\" alt=\"pic3\" width=\"150\" height=\"150\" \/><\/div>\n<\/div>\n<\/div>\n<\/div>\n<\/div>\n<div class=\"wpb_column vc_column_container vc_col-sm-2 vc_hidden-xs\">\n<div class=\"wpb_wrapper\">\n<div class=\"wpb_single_image wpb_content_element vc_align_left\">\n<div class=\"wpb_wrapper\">\n<div class=\"vc_single_image-wrapper vc_box_border_grey\"><img loading=\"lazy\" decoding=\"async\" class=\"vc_single_image-img attachment-thumbnail\" src=\"http:\/\/oostdam-metalen.nl\/wp-content\/uploads\/2015\/07\/pic2-150x150.jpg\" alt=\"pic2\" width=\"150\" height=\"150\" \/><\/div>\n<\/div>\n<\/div>\n<\/div>\n<\/div>\n<div class=\"wpb_column vc_column_container vc_col-sm-2 vc_hidden-xs\">\n<div class=\"wpb_wrapper\">\n<div class=\"wpb_single_image wpb_content_element vc_align_left\">\n<div class=\"wpb_wrapper\">\n<div class=\"vc_single_image-wrapper vc_box_border_grey\"><img loading=\"lazy\" decoding=\"async\" class=\"vc_single_image-img attachment-thumbnail\" src=\"http:\/\/oostdam-metalen.nl\/wp-content\/uploads\/2015\/07\/pic6-150x150.jpg\" alt=\"pic6\" width=\"150\" height=\"150\" \/><\/div>\n<\/div>\n<\/div>\n<\/div>\n<\/div>\n<\/div>\n<\/div>\n<p>[\/vc_column_text][\/vc_column][\/vc_row]<\/p>\n<\/div>","protected":false},"excerpt":{"rendered":"<p>[vc_row][vc_column][vc_column_text]Oostdam steht f\u00fcr Qualit\u00e4t. Unsere Kundenliste ist daf\u00fcr der Beweis. Die Qualit\u00e4tszertifikate ISO 9001, ISO 14001 und das niederl\u00e4ndische Sicherheitszertifikat f\u00fcr den Bausektor, das VCA* Zertifikat, stehen als Garant f\u00fcr fachm\u00e4nnisches K\u00f6nnen und eine umweltfreundliche Verarbeitung der uns angebotenen Materialien. Unser Team von Spezialisten f\u00fcr Metallrecycling und Abbrucharbeiten verf\u00fcgt \u00fcber die modernsten Hilfsmittel. Das Material&#8230;<\/p>\n","protected":false},"author":1,"featured_media":0,"parent":0,"menu_order":0,"comment_status":"closed","ping_status":"closed","template":"","meta":{"_acf_changed":false,"_bbp_topic_count":0,"_bbp_reply_count":0,"_bbp_total_topic_count":0,"_bbp_total_reply_count":0,"_bbp_voice_count":0,"_bbp_anonymous_reply_count":0,"_bbp_topic_count_hidden":0,"_bbp_reply_count_hidden":0,"_bbp_forum_subforum_count":0,"footnotes":""},"class_list":["post-196","page","type-page","status-publish","hentry"],"acf":[],"yoast_head":"<!-- This site is optimized with the Yoast SEO plugin v27.2 - https:\/\/yoast.com\/product\/yoast-seo-wordpress\/ -->\n<title>Qualit\u00e4tsnorm - Oostdam Metalen<\/title>\n<meta name=\"robots\" content=\"index, follow, max-snippet:-1, max-image-preview:large, max-video-preview:-1\" \/>\n<link rel=\"canonical\" href=\"https:\/\/oostdam-metalen.nl\/de\/qualitaetsnorm\/\" \/>\n<meta property=\"og:locale\" content=\"de_DE\" \/>\n<meta property=\"og:type\" content=\"article\" \/>\n<meta property=\"og:title\" content=\"Qualit\u00e4tsnorm - Oostdam Metalen\" \/>\n<meta property=\"og:description\" content=\"[vc_row][vc_column][vc_column_text]Oostdam steht f\u00fcr Qualit\u00e4t. Unsere Kundenliste ist daf\u00fcr der Beweis. Die Qualit\u00e4tszertifikate ISO 9001, ISO 14001 und das niederl\u00e4ndische Sicherheitszertifikat f\u00fcr den Bausektor, das VCA* Zertifikat, stehen als Garant f\u00fcr fachm\u00e4nnisches K\u00f6nnen und eine umweltfreundliche Verarbeitung der uns angebotenen Materialien. Unser Team von Spezialisten f\u00fcr Metallrecycling und Abbrucharbeiten verf\u00fcgt \u00fcber die modernsten Hilfsmittel. Das Material...\" \/>\n<meta property=\"og:url\" content=\"https:\/\/oostdam-metalen.nl\/de\/qualitaetsnorm\/\" \/>\n<meta property=\"og:site_name\" content=\"Oostdam Metalen\" \/>\n<meta property=\"article:modified_time\" content=\"2015-09-01T07:05:53+00:00\" \/>\n<meta property=\"og:image\" content=\"http:\/\/oostdam-metalen.nl\/wp-content\/uploads\/2015\/07\/iso9001-300x138.gif\" \/>\n<meta name=\"twitter:card\" content=\"summary_large_image\" \/>\n<meta name=\"twitter:label1\" content=\"Gesch\u00e4tzte Lesezeit\" \/>\n\t<meta name=\"twitter:data1\" content=\"1\u00a0Minute\" \/>\n<script type=\"application\/ld+json\" class=\"yoast-schema-graph\">{\"@context\":\"https:\/\/schema.org\",\"@graph\":[{\"@type\":\"WebPage\",\"@id\":\"https:\/\/oostdam-metalen.nl\/de\/qualitaetsnorm\/\",\"url\":\"https:\/\/oostdam-metalen.nl\/de\/qualitaetsnorm\/\",\"name\":\"Qualit\u00e4tsnorm - Oostdam Metalen\",\"isPartOf\":{\"@id\":\"https:\/\/oostdam-metalen.nl\/#website\"},\"primaryImageOfPage\":{\"@id\":\"https:\/\/oostdam-metalen.nl\/de\/qualitaetsnorm\/#primaryimage\"},\"image\":{\"@id\":\"https:\/\/oostdam-metalen.nl\/de\/qualitaetsnorm\/#primaryimage\"},\"thumbnailUrl\":\"http:\/\/oostdam-metalen.nl\/wp-content\/uploads\/2015\/07\/iso9001-300x138.gif\",\"datePublished\":\"2015-08-19T15:48:56+00:00\",\"dateModified\":\"2015-09-01T07:05:53+00:00\",\"breadcrumb\":{\"@id\":\"https:\/\/oostdam-metalen.nl\/de\/qualitaetsnorm\/#breadcrumb\"},\"inLanguage\":\"de\",\"potentialAction\":[{\"@type\":\"ReadAction\",\"target\":[\"https:\/\/oostdam-metalen.nl\/de\/qualitaetsnorm\/\"]}]},{\"@type\":\"ImageObject\",\"inLanguage\":\"de\",\"@id\":\"https:\/\/oostdam-metalen.nl\/de\/qualitaetsnorm\/#primaryimage\",\"url\":\"http:\/\/oostdam-metalen.nl\/wp-content\/uploads\/2015\/07\/iso9001-300x138.gif\",\"contentUrl\":\"http:\/\/oostdam-metalen.nl\/wp-content\/uploads\/2015\/07\/iso9001-300x138.gif\"},{\"@type\":\"BreadcrumbList\",\"@id\":\"https:\/\/oostdam-metalen.nl\/de\/qualitaetsnorm\/#breadcrumb\",\"itemListElement\":[{\"@type\":\"ListItem\",\"position\":1,\"name\":\"Home\",\"item\":\"https:\/\/oostdam-metalen.nl\/de\/\"},{\"@type\":\"ListItem\",\"position\":2,\"name\":\"Qualit\u00e4tsnorm\"}]},{\"@type\":\"WebSite\",\"@id\":\"https:\/\/oostdam-metalen.nl\/#website\",\"url\":\"https:\/\/oostdam-metalen.nl\/\",\"name\":\"Oostdam Metalen\",\"description\":\"\",\"potentialAction\":[{\"@type\":\"SearchAction\",\"target\":{\"@type\":\"EntryPoint\",\"urlTemplate\":\"https:\/\/oostdam-metalen.nl\/?s={search_term_string}\"},\"query-input\":{\"@type\":\"PropertyValueSpecification\",\"valueRequired\":true,\"valueName\":\"search_term_string\"}}],\"inLanguage\":\"de\"}]}<\/script>\n<!-- \/ Yoast SEO plugin. -->","yoast_head_json":{"title":"Qualit\u00e4tsnorm - Oostdam Metalen","robots":{"index":"index","follow":"follow","max-snippet":"max-snippet:-1","max-image-preview":"max-image-preview:large","max-video-preview":"max-video-preview:-1"},"canonical":"https:\/\/oostdam-metalen.nl\/de\/qualitaetsnorm\/","og_locale":"de_DE","og_type":"article","og_title":"Qualit\u00e4tsnorm - Oostdam Metalen","og_description":"[vc_row][vc_column][vc_column_text]Oostdam steht f\u00fcr Qualit\u00e4t. Unsere Kundenliste ist daf\u00fcr der Beweis. Die Qualit\u00e4tszertifikate ISO 9001, ISO 14001 und das niederl\u00e4ndische Sicherheitszertifikat f\u00fcr den Bausektor, das VCA* Zertifikat, stehen als Garant f\u00fcr fachm\u00e4nnisches K\u00f6nnen und eine umweltfreundliche Verarbeitung der uns angebotenen Materialien. Unser Team von Spezialisten f\u00fcr Metallrecycling und Abbrucharbeiten verf\u00fcgt \u00fcber die modernsten Hilfsmittel. Das Material...","og_url":"https:\/\/oostdam-metalen.nl\/de\/qualitaetsnorm\/","og_site_name":"Oostdam Metalen","article_modified_time":"2015-09-01T07:05:53+00:00","og_image":[{"url":"http:\/\/oostdam-metalen.nl\/wp-content\/uploads\/2015\/07\/iso9001-300x138.gif","type":"","width":"","height":""}],"twitter_card":"summary_large_image","twitter_misc":{"Gesch\u00e4tzte Lesezeit":"1\u00a0Minute"},"schema":{"@context":"https:\/\/schema.org","@graph":[{"@type":"WebPage","@id":"https:\/\/oostdam-metalen.nl\/de\/qualitaetsnorm\/","url":"https:\/\/oostdam-metalen.nl\/de\/qualitaetsnorm\/","name":"Qualit\u00e4tsnorm - Oostdam Metalen","isPartOf":{"@id":"https:\/\/oostdam-metalen.nl\/#website"},"primaryImageOfPage":{"@id":"https:\/\/oostdam-metalen.nl\/de\/qualitaetsnorm\/#primaryimage"},"image":{"@id":"https:\/\/oostdam-metalen.nl\/de\/qualitaetsnorm\/#primaryimage"},"thumbnailUrl":"http:\/\/oostdam-metalen.nl\/wp-content\/uploads\/2015\/07\/iso9001-300x138.gif","datePublished":"2015-08-19T15:48:56+00:00","dateModified":"2015-09-01T07:05:53+00:00","breadcrumb":{"@id":"https:\/\/oostdam-metalen.nl\/de\/qualitaetsnorm\/#breadcrumb"},"inLanguage":"de","potentialAction":[{"@type":"ReadAction","target":["https:\/\/oostdam-metalen.nl\/de\/qualitaetsnorm\/"]}]},{"@type":"ImageObject","inLanguage":"de","@id":"https:\/\/oostdam-metalen.nl\/de\/qualitaetsnorm\/#primaryimage","url":"http:\/\/oostdam-metalen.nl\/wp-content\/uploads\/2015\/07\/iso9001-300x138.gif","contentUrl":"http:\/\/oostdam-metalen.nl\/wp-content\/uploads\/2015\/07\/iso9001-300x138.gif"},{"@type":"BreadcrumbList","@id":"https:\/\/oostdam-metalen.nl\/de\/qualitaetsnorm\/#breadcrumb","itemListElement":[{"@type":"ListItem","position":1,"name":"Home","item":"https:\/\/oostdam-metalen.nl\/de\/"},{"@type":"ListItem","position":2,"name":"Qualit\u00e4tsnorm"}]},{"@type":"WebSite","@id":"https:\/\/oostdam-metalen.nl\/#website","url":"https:\/\/oostdam-metalen.nl\/","name":"Oostdam Metalen","description":"","potentialAction":[{"@type":"SearchAction","target":{"@type":"EntryPoint","urlTemplate":"https:\/\/oostdam-metalen.nl\/?s={search_term_string}"},"query-input":{"@type":"PropertyValueSpecification","valueRequired":true,"valueName":"search_term_string"}}],"inLanguage":"de"}]}},"_links":{"self":[{"href":"https:\/\/oostdam-metalen.nl\/de\/wp-json\/wp\/v2\/pages\/196","targetHints":{"allow":["GET"]}}],"collection":[{"href":"https:\/\/oostdam-metalen.nl\/de\/wp-json\/wp\/v2\/pages"}],"about":[{"href":"https:\/\/oostdam-metalen.nl\/de\/wp-json\/wp\/v2\/types\/page"}],"author":[{"embeddable":true,"href":"https:\/\/oostdam-metalen.nl\/de\/wp-json\/wp\/v2\/users\/1"}],"replies":[{"embeddable":true,"href":"https:\/\/oostdam-metalen.nl\/de\/wp-json\/wp\/v2\/comments?post=196"}],"version-history":[{"count":2,"href":"https:\/\/oostdam-metalen.nl\/de\/wp-json\/wp\/v2\/pages\/196\/revisions"}],"predecessor-version":[{"id":331,"href":"https:\/\/oostdam-metalen.nl\/de\/wp-json\/wp\/v2\/pages\/196\/revisions\/331"}],"wp:attachment":[{"href":"https:\/\/oostdam-metalen.nl\/de\/wp-json\/wp\/v2\/media?parent=196"}],"curies":[{"name":"wp","href":"https:\/\/api.w.org\/{rel}","templated":true}]}}