{"id":216,"date":"2015-08-21T08:48:33","date_gmt":"2015-08-21T07:48:33","guid":{"rendered":"http:\/\/oostdam-metalen.nl\/?page_id=216&#038;lang=de"},"modified":"2015-09-01T07:58:52","modified_gmt":"2015-09-01T06:58:52","slug":"gabelstapler","status":"publish","type":"page","link":"https:\/\/oostdam-metalen.nl\/de\/gabelstapler\/","title":{"rendered":"Gabelstapler"},"content":{"rendered":"<div class=\"wpb-content-wrapper\"><p>[vc_row][vc_column][vc_column_text]Oostdam verf\u00fcgt \u00fcber ein Anzahl Gabelstapler von 3.5 bis 8 Tonnen Hubverm\u00f6gen. Sie sind mit den unterschiedlichsten Ausr\u00fcstungen, wie Side-Shift, Klemmsystem oder Kehrvorrichtung ausgestattet.<span style=\"line-height: 1.5;\">[\/vc_column_text][\/vc_column][\/vc_row][vc_row][vc_column][vc_empty_space][\/vc_column][\/vc_row][vc_row][vc_column][vc_column_text]<\/span><\/p>\n<div class=\"mpcth-vc-row-wrap mpcth-vc-row-wrap-full-width \">\n<div class=\"vc_row wpb_row vc_row-fluid\">\n<div class=\"wpb_column vc_column_container vc_col-sm-2 vc_hidden-xs\">\n<div class=\"wpb_wrapper\">\n<div class=\"wpb_single_image wpb_content_element vc_align_left\">\n<div class=\"wpb_wrapper\">\n<div class=\"vc_single_image-wrapper vc_box_border_grey\"><img loading=\"lazy\" decoding=\"async\" class=\"vc_single_image-img attachment-thumbnail\" src=\"http:\/\/oostdam-metalen.nl\/wp-content\/uploads\/2015\/07\/pic6-150x150.jpg\" alt=\"pic6\" width=\"150\" height=\"150\" \/><\/div>\n<\/div>\n<\/div>\n<\/div>\n<\/div>\n<div class=\"wpb_column vc_column_container vc_col-sm-2 vc_hidden-xs\">\n<div class=\"wpb_wrapper\">\n<div class=\"wpb_single_image wpb_content_element vc_align_left\">\n<div class=\"wpb_wrapper\">\n<div class=\"vc_single_image-wrapper vc_box_border_grey\"><img loading=\"lazy\" decoding=\"async\" class=\"vc_single_image-img attachment-thumbnail\" src=\"http:\/\/oostdam-metalen.nl\/wp-content\/uploads\/2015\/07\/pic5-150x150.jpg\" alt=\"pic5\" width=\"150\" height=\"150\" \/><\/div>\n<\/div>\n<\/div>\n<\/div>\n<\/div>\n<div class=\"wpb_column vc_column_container vc_col-sm-2 vc_hidden-xs\">\n<div class=\"wpb_wrapper\">\n<div class=\"wpb_single_image wpb_content_element vc_align_left\">\n<div class=\"wpb_wrapper\">\n<div class=\"vc_single_image-wrapper vc_box_border_grey\"><img loading=\"lazy\" decoding=\"async\" class=\"vc_single_image-img attachment-thumbnail\" src=\"http:\/\/oostdam-metalen.nl\/wp-content\/uploads\/2015\/07\/pic4-150x150.jpg\" alt=\"pic4\" width=\"150\" height=\"150\" \/><\/div>\n<\/div>\n<\/div>\n<\/div>\n<\/div>\n<div class=\"wpb_column vc_column_container vc_col-sm-2 vc_hidden-xs\">\n<div class=\"wpb_wrapper\">\n<div class=\"wpb_single_image wpb_content_element vc_align_left\">\n<div class=\"wpb_wrapper\">\n<div class=\"vc_single_image-wrapper vc_box_border_grey\"><img loading=\"lazy\" decoding=\"async\" class=\"vc_single_image-img attachment-thumbnail\" src=\"http:\/\/oostdam-metalen.nl\/wp-content\/uploads\/2015\/07\/pic3-150x150.jpg\" alt=\"pic3\" width=\"150\" height=\"150\" \/><\/div>\n<\/div>\n<\/div>\n<\/div>\n<\/div>\n<div class=\"wpb_column vc_column_container vc_col-sm-2 vc_hidden-xs\">\n<div class=\"wpb_wrapper\">\n<div class=\"wpb_single_image wpb_content_element vc_align_left\">\n<div class=\"wpb_wrapper\">\n<div class=\"vc_single_image-wrapper vc_box_border_grey\"><img loading=\"lazy\" decoding=\"async\" class=\"vc_single_image-img attachment-thumbnail\" src=\"http:\/\/oostdam-metalen.nl\/wp-content\/uploads\/2015\/07\/pic2-150x150.jpg\" alt=\"pic2\" width=\"150\" height=\"150\" \/><\/div>\n<\/div>\n<\/div>\n<\/div>\n<\/div>\n<div class=\"wpb_column vc_column_container vc_col-sm-2 vc_hidden-xs\">\n<div class=\"wpb_wrapper\">\n<div class=\"wpb_single_image wpb_content_element vc_align_left\">\n<div class=\"wpb_wrapper\">\n<div class=\"vc_single_image-wrapper vc_box_border_grey\"><img loading=\"lazy\" decoding=\"async\" class=\"vc_single_image-img attachment-thumbnail\" src=\"http:\/\/oostdam-metalen.nl\/wp-content\/uploads\/2015\/07\/pic6-150x150.jpg\" alt=\"pic6\" width=\"150\" height=\"150\" \/><\/div>\n<\/div>\n<\/div>\n<\/div>\n<\/div>\n<\/div>\n<\/div>\n<p>[\/vc_column_text][\/vc_column][\/vc_row]<\/p>\n<\/div>","protected":false},"excerpt":{"rendered":"<p>[vc_row][vc_column][vc_column_text]Oostdam verf\u00fcgt \u00fcber ein Anzahl Gabelstapler von 3.5 bis 8 Tonnen Hubverm\u00f6gen. Sie sind mit den unterschiedlichsten Ausr\u00fcstungen, wie Side-Shift, Klemmsystem oder Kehrvorrichtung ausgestattet.[\/vc_column_text][\/vc_column][\/vc_row][vc_row][vc_column][vc_empty_space][\/vc_column][\/vc_row][vc_row][vc_column][vc_column_text] [\/vc_column_text][\/vc_column][\/vc_row]<\/p>\n","protected":false},"author":1,"featured_media":0,"parent":0,"menu_order":0,"comment_status":"closed","ping_status":"closed","template":"","meta":{"_acf_changed":false,"_bbp_topic_count":0,"_bbp_reply_count":0,"_bbp_total_topic_count":0,"_bbp_total_reply_count":0,"_bbp_voice_count":0,"_bbp_anonymous_reply_count":0,"_bbp_topic_count_hidden":0,"_bbp_reply_count_hidden":0,"_bbp_forum_subforum_count":0,"footnotes":""},"class_list":["post-216","page","type-page","status-publish","hentry"],"acf":[],"yoast_head":"<!-- This site is optimized with the Yoast SEO plugin v27.2 - https:\/\/yoast.com\/product\/yoast-seo-wordpress\/ -->\n<title>Gabelstapler - Oostdam Metalen<\/title>\n<meta name=\"robots\" content=\"index, follow, max-snippet:-1, max-image-preview:large, max-video-preview:-1\" \/>\n<link rel=\"canonical\" href=\"https:\/\/oostdam-metalen.nl\/de\/gabelstapler\/\" \/>\n<meta property=\"og:locale\" content=\"de_DE\" \/>\n<meta property=\"og:type\" content=\"article\" \/>\n<meta property=\"og:title\" content=\"Gabelstapler - Oostdam Metalen\" \/>\n<meta property=\"og:description\" content=\"[vc_row][vc_column][vc_column_text]Oostdam verf\u00fcgt \u00fcber ein Anzahl Gabelstapler von 3.5 bis 8 Tonnen Hubverm\u00f6gen. Sie sind mit den unterschiedlichsten Ausr\u00fcstungen, wie Side-Shift, Klemmsystem oder Kehrvorrichtung ausgestattet.[\/vc_column_text][\/vc_column][\/vc_row][vc_row][vc_column][vc_empty_space][\/vc_column][\/vc_row][vc_row][vc_column][vc_column_text] [\/vc_column_text][\/vc_column][\/vc_row]\" \/>\n<meta property=\"og:url\" content=\"https:\/\/oostdam-metalen.nl\/de\/gabelstapler\/\" \/>\n<meta property=\"og:site_name\" content=\"Oostdam Metalen\" \/>\n<meta property=\"article:modified_time\" content=\"2015-09-01T06:58:52+00:00\" \/>\n<meta property=\"og:image\" content=\"http:\/\/oostdam-metalen.nl\/wp-content\/uploads\/2015\/07\/pic6-150x150.jpg\" \/>\n<meta name=\"twitter:card\" content=\"summary_large_image\" \/>\n<script type=\"application\/ld+json\" class=\"yoast-schema-graph\">{\"@context\":\"https:\/\/schema.org\",\"@graph\":[{\"@type\":\"WebPage\",\"@id\":\"https:\/\/oostdam-metalen.nl\/de\/gabelstapler\/\",\"url\":\"https:\/\/oostdam-metalen.nl\/de\/gabelstapler\/\",\"name\":\"Gabelstapler - Oostdam Metalen\",\"isPartOf\":{\"@id\":\"https:\/\/oostdam-metalen.nl\/#website\"},\"primaryImageOfPage\":{\"@id\":\"https:\/\/oostdam-metalen.nl\/de\/gabelstapler\/#primaryimage\"},\"image\":{\"@id\":\"https:\/\/oostdam-metalen.nl\/de\/gabelstapler\/#primaryimage\"},\"thumbnailUrl\":\"http:\/\/oostdam-metalen.nl\/wp-content\/uploads\/2015\/07\/pic6-150x150.jpg\",\"datePublished\":\"2015-08-21T07:48:33+00:00\",\"dateModified\":\"2015-09-01T06:58:52+00:00\",\"breadcrumb\":{\"@id\":\"https:\/\/oostdam-metalen.nl\/de\/gabelstapler\/#breadcrumb\"},\"inLanguage\":\"de\",\"potentialAction\":[{\"@type\":\"ReadAction\",\"target\":[\"https:\/\/oostdam-metalen.nl\/de\/gabelstapler\/\"]}]},{\"@type\":\"ImageObject\",\"inLanguage\":\"de\",\"@id\":\"https:\/\/oostdam-metalen.nl\/de\/gabelstapler\/#primaryimage\",\"url\":\"http:\/\/oostdam-metalen.nl\/wp-content\/uploads\/2015\/07\/pic6-150x150.jpg\",\"contentUrl\":\"http:\/\/oostdam-metalen.nl\/wp-content\/uploads\/2015\/07\/pic6-150x150.jpg\"},{\"@type\":\"BreadcrumbList\",\"@id\":\"https:\/\/oostdam-metalen.nl\/de\/gabelstapler\/#breadcrumb\",\"itemListElement\":[{\"@type\":\"ListItem\",\"position\":1,\"name\":\"Home\",\"item\":\"https:\/\/oostdam-metalen.nl\/de\/\"},{\"@type\":\"ListItem\",\"position\":2,\"name\":\"Gabelstapler\"}]},{\"@type\":\"WebSite\",\"@id\":\"https:\/\/oostdam-metalen.nl\/#website\",\"url\":\"https:\/\/oostdam-metalen.nl\/\",\"name\":\"Oostdam Metalen\",\"description\":\"\",\"potentialAction\":[{\"@type\":\"SearchAction\",\"target\":{\"@type\":\"EntryPoint\",\"urlTemplate\":\"https:\/\/oostdam-metalen.nl\/?s={search_term_string}\"},\"query-input\":{\"@type\":\"PropertyValueSpecification\",\"valueRequired\":true,\"valueName\":\"search_term_string\"}}],\"inLanguage\":\"de\"}]}<\/script>\n<!-- \/ Yoast SEO plugin. -->","yoast_head_json":{"title":"Gabelstapler - Oostdam Metalen","robots":{"index":"index","follow":"follow","max-snippet":"max-snippet:-1","max-image-preview":"max-image-preview:large","max-video-preview":"max-video-preview:-1"},"canonical":"https:\/\/oostdam-metalen.nl\/de\/gabelstapler\/","og_locale":"de_DE","og_type":"article","og_title":"Gabelstapler - Oostdam Metalen","og_description":"[vc_row][vc_column][vc_column_text]Oostdam verf\u00fcgt \u00fcber ein Anzahl Gabelstapler von 3.5 bis 8 Tonnen Hubverm\u00f6gen. Sie sind mit den unterschiedlichsten Ausr\u00fcstungen, wie Side-Shift, Klemmsystem oder Kehrvorrichtung ausgestattet.[\/vc_column_text][\/vc_column][\/vc_row][vc_row][vc_column][vc_empty_space][\/vc_column][\/vc_row][vc_row][vc_column][vc_column_text] [\/vc_column_text][\/vc_column][\/vc_row]","og_url":"https:\/\/oostdam-metalen.nl\/de\/gabelstapler\/","og_site_name":"Oostdam Metalen","article_modified_time":"2015-09-01T06:58:52+00:00","og_image":[{"url":"http:\/\/oostdam-metalen.nl\/wp-content\/uploads\/2015\/07\/pic6-150x150.jpg","type":"","width":"","height":""}],"twitter_card":"summary_large_image","schema":{"@context":"https:\/\/schema.org","@graph":[{"@type":"WebPage","@id":"https:\/\/oostdam-metalen.nl\/de\/gabelstapler\/","url":"https:\/\/oostdam-metalen.nl\/de\/gabelstapler\/","name":"Gabelstapler - Oostdam Metalen","isPartOf":{"@id":"https:\/\/oostdam-metalen.nl\/#website"},"primaryImageOfPage":{"@id":"https:\/\/oostdam-metalen.nl\/de\/gabelstapler\/#primaryimage"},"image":{"@id":"https:\/\/oostdam-metalen.nl\/de\/gabelstapler\/#primaryimage"},"thumbnailUrl":"http:\/\/oostdam-metalen.nl\/wp-content\/uploads\/2015\/07\/pic6-150x150.jpg","datePublished":"2015-08-21T07:48:33+00:00","dateModified":"2015-09-01T06:58:52+00:00","breadcrumb":{"@id":"https:\/\/oostdam-metalen.nl\/de\/gabelstapler\/#breadcrumb"},"inLanguage":"de","potentialAction":[{"@type":"ReadAction","target":["https:\/\/oostdam-metalen.nl\/de\/gabelstapler\/"]}]},{"@type":"ImageObject","inLanguage":"de","@id":"https:\/\/oostdam-metalen.nl\/de\/gabelstapler\/#primaryimage","url":"http:\/\/oostdam-metalen.nl\/wp-content\/uploads\/2015\/07\/pic6-150x150.jpg","contentUrl":"http:\/\/oostdam-metalen.nl\/wp-content\/uploads\/2015\/07\/pic6-150x150.jpg"},{"@type":"BreadcrumbList","@id":"https:\/\/oostdam-metalen.nl\/de\/gabelstapler\/#breadcrumb","itemListElement":[{"@type":"ListItem","position":1,"name":"Home","item":"https:\/\/oostdam-metalen.nl\/de\/"},{"@type":"ListItem","position":2,"name":"Gabelstapler"}]},{"@type":"WebSite","@id":"https:\/\/oostdam-metalen.nl\/#website","url":"https:\/\/oostdam-metalen.nl\/","name":"Oostdam Metalen","description":"","potentialAction":[{"@type":"SearchAction","target":{"@type":"EntryPoint","urlTemplate":"https:\/\/oostdam-metalen.nl\/?s={search_term_string}"},"query-input":{"@type":"PropertyValueSpecification","valueRequired":true,"valueName":"search_term_string"}}],"inLanguage":"de"}]}},"_links":{"self":[{"href":"https:\/\/oostdam-metalen.nl\/de\/wp-json\/wp\/v2\/pages\/216","targetHints":{"allow":["GET"]}}],"collection":[{"href":"https:\/\/oostdam-metalen.nl\/de\/wp-json\/wp\/v2\/pages"}],"about":[{"href":"https:\/\/oostdam-metalen.nl\/de\/wp-json\/wp\/v2\/types\/page"}],"author":[{"embeddable":true,"href":"https:\/\/oostdam-metalen.nl\/de\/wp-json\/wp\/v2\/users\/1"}],"replies":[{"embeddable":true,"href":"https:\/\/oostdam-metalen.nl\/de\/wp-json\/wp\/v2\/comments?post=216"}],"version-history":[{"count":2,"href":"https:\/\/oostdam-metalen.nl\/de\/wp-json\/wp\/v2\/pages\/216\/revisions"}],"predecessor-version":[{"id":329,"href":"https:\/\/oostdam-metalen.nl\/de\/wp-json\/wp\/v2\/pages\/216\/revisions\/329"}],"wp:attachment":[{"href":"https:\/\/oostdam-metalen.nl\/de\/wp-json\/wp\/v2\/media?parent=216"}],"curies":[{"name":"wp","href":"https:\/\/api.w.org\/{rel}","templated":true}]}}