{"id":201,"date":"2015-08-21T08:22:59","date_gmt":"2015-08-21T07:22:59","guid":{"rendered":"http:\/\/oostdam-metalen.nl\/?page_id=201&#038;lang=pl"},"modified":"2015-09-02T22:11:22","modified_gmt":"2015-09-02T21:11:22","slug":"qualitaetsnorm","status":"publish","type":"page","link":"https:\/\/oostdam-metalen.nl\/pl\/qualitaetsnorm\/","title":{"rendered":"Certyfikaty jako\u015bci"},"content":{"rendered":"<div class=\"wpb-content-wrapper\"><p>[vc_row][vc_column][vc_column_text]Oostdam oznacza jako\u015b\u0107, czego dowodem jest lista naszych klient\u00f3w. Certyfikaty ISO 9001, ISO 14001 oraz Certyfikat Bezpiecze\u0144stwa stanowi\u0105 potwierdzenie posiadanej przez nas wiedzy oraz gwarantuj\u0105 przetwarzanie materia\u0142\u00f3w w spos\u00f3b przyjazny dla \u015brodowiska.<\/p>\n<p>Materia\u0142 musi by\u0107 wolny od promieniowania radioaktywnego, materia\u0142\u00f3w wybuchowych, zamkni\u0119tych zbiornik\u00f3w zagra\u017caj\u0105cych wybuchem. \u00a0Towar jest ka\u017cdorazowo kontrolowany przy u\u017cyciu specjalistycznych urz\u0105dze\u0144.<\/p>\n<p><img loading=\"lazy\" decoding=\"async\" class=\"alignnone wp-image-79 size-medium\" src=\"http:\/\/oostdam-metalen.nl\/wp-content\/uploads\/2015\/07\/iso9001-300x138.gif\" alt=\"iso9001\" width=\"300\" height=\"138\" srcset=\"https:\/\/oostdam-metalen.nl\/wp-content\/uploads\/2015\/07\/iso9001-300x138.gif 300w, https:\/\/oostdam-metalen.nl\/wp-content\/uploads\/2015\/07\/iso9001-1024x471.gif 1024w\" sizes=\"auto, (max-width: 300px) 100vw, 300px\" \/>[\/vc_column_text][\/vc_column][\/vc_row][vc_row][vc_column][vc_empty_space][\/vc_column][\/vc_row][vc_row][vc_column][vc_column_text]<\/p>\n<div class=\"mpcth-vc-row-wrap mpcth-vc-row-wrap-full-width \">\n<div class=\"vc_row wpb_row vc_row-fluid\">\n<div class=\"wpb_column vc_column_container vc_col-sm-2 vc_hidden-xs\">\n<div class=\"wpb_wrapper\">\n<div class=\"wpb_single_image wpb_content_element vc_align_left\">\n<div class=\"wpb_wrapper\">\n<div class=\"vc_single_image-wrapper vc_box_border_grey\"><img loading=\"lazy\" decoding=\"async\" class=\"vc_single_image-img attachment-thumbnail\" src=\"http:\/\/oostdam-metalen.nl\/wp-content\/uploads\/2015\/07\/pic6-150x150.jpg\" alt=\"pic6\" width=\"150\" height=\"150\" \/><\/div>\n<\/div>\n<\/div>\n<\/div>\n<\/div>\n<div class=\"wpb_column vc_column_container vc_col-sm-2 vc_hidden-xs\">\n<div class=\"wpb_wrapper\">\n<div class=\"wpb_single_image wpb_content_element vc_align_left\">\n<div class=\"wpb_wrapper\">\n<div class=\"vc_single_image-wrapper vc_box_border_grey\"><img loading=\"lazy\" decoding=\"async\" class=\"vc_single_image-img attachment-thumbnail\" src=\"http:\/\/oostdam-metalen.nl\/wp-content\/uploads\/2015\/07\/pic5-150x150.jpg\" alt=\"pic5\" width=\"150\" height=\"150\" \/><\/div>\n<\/div>\n<\/div>\n<\/div>\n<\/div>\n<div class=\"wpb_column vc_column_container vc_col-sm-2 vc_hidden-xs\">\n<div class=\"wpb_wrapper\">\n<div class=\"wpb_single_image wpb_content_element vc_align_left\">\n<div class=\"wpb_wrapper\">\n<div class=\"vc_single_image-wrapper vc_box_border_grey\"><img loading=\"lazy\" decoding=\"async\" class=\"vc_single_image-img attachment-thumbnail\" src=\"http:\/\/oostdam-metalen.nl\/wp-content\/uploads\/2015\/07\/pic4-150x150.jpg\" alt=\"pic4\" width=\"150\" height=\"150\" \/><\/div>\n<\/div>\n<\/div>\n<\/div>\n<\/div>\n<div class=\"wpb_column vc_column_container vc_col-sm-2 vc_hidden-xs\">\n<div class=\"wpb_wrapper\">\n<div class=\"wpb_single_image wpb_content_element vc_align_left\">\n<div class=\"wpb_wrapper\">\n<div class=\"vc_single_image-wrapper vc_box_border_grey\"><img loading=\"lazy\" decoding=\"async\" class=\"vc_single_image-img attachment-thumbnail\" src=\"http:\/\/oostdam-metalen.nl\/wp-content\/uploads\/2015\/07\/pic3-150x150.jpg\" alt=\"pic3\" width=\"150\" height=\"150\" \/><\/div>\n<\/div>\n<\/div>\n<\/div>\n<\/div>\n<div class=\"wpb_column vc_column_container vc_col-sm-2 vc_hidden-xs\">\n<div class=\"wpb_wrapper\">\n<div class=\"wpb_single_image wpb_content_element vc_align_left\">\n<div class=\"wpb_wrapper\">\n<div class=\"vc_single_image-wrapper vc_box_border_grey\"><img loading=\"lazy\" decoding=\"async\" class=\"vc_single_image-img attachment-thumbnail\" src=\"http:\/\/oostdam-metalen.nl\/wp-content\/uploads\/2015\/07\/pic2-150x150.jpg\" alt=\"pic2\" width=\"150\" height=\"150\" \/><\/div>\n<\/div>\n<\/div>\n<\/div>\n<\/div>\n<div class=\"wpb_column vc_column_container vc_col-sm-2 vc_hidden-xs\">\n<div class=\"wpb_wrapper\">\n<div class=\"wpb_single_image wpb_content_element vc_align_left\">\n<div class=\"wpb_wrapper\">\n<div class=\"vc_single_image-wrapper vc_box_border_grey\"><img loading=\"lazy\" decoding=\"async\" class=\"vc_single_image-img attachment-thumbnail\" src=\"http:\/\/oostdam-metalen.nl\/wp-content\/uploads\/2015\/07\/pic6-150x150.jpg\" alt=\"pic6\" width=\"150\" height=\"150\" \/><\/div>\n<\/div>\n<\/div>\n<\/div>\n<\/div>\n<\/div>\n<\/div>\n<p>[\/vc_column_text][\/vc_column][\/vc_row]<\/p>\n<\/div>","protected":false},"excerpt":{"rendered":"<p>[vc_row][vc_column][vc_column_text]Oostdam oznacza jako\u015b\u0107, czego dowodem jest lista naszych klient\u00f3w. Certyfikaty ISO 9001, ISO 14001 oraz Certyfikat Bezpiecze\u0144stwa stanowi\u0105 potwierdzenie posiadanej przez nas wiedzy oraz gwarantuj\u0105 przetwarzanie materia\u0142\u00f3w w spos\u00f3b przyjazny dla \u015brodowiska. Materia\u0142 musi by\u0107 wolny od promieniowania radioaktywnego, materia\u0142\u00f3w wybuchowych, zamkni\u0119tych zbiornik\u00f3w zagra\u017caj\u0105cych wybuchem. \u00a0Towar jest ka\u017cdorazowo kontrolowany przy u\u017cyciu specjalistycznych urz\u0105dze\u0144. [\/vc_column_text][\/vc_column][\/vc_row][vc_row][vc_column][vc_empty_space][\/vc_column][\/vc_row][vc_row][vc_column][vc_column_text] [\/vc_column_text][\/vc_column][\/vc_row]<\/p>\n","protected":false},"author":1,"featured_media":0,"parent":0,"menu_order":0,"comment_status":"closed","ping_status":"closed","template":"","meta":{"_acf_changed":false,"_bbp_topic_count":0,"_bbp_reply_count":0,"_bbp_total_topic_count":0,"_bbp_total_reply_count":0,"_bbp_voice_count":0,"_bbp_anonymous_reply_count":0,"_bbp_topic_count_hidden":0,"_bbp_reply_count_hidden":0,"_bbp_forum_subforum_count":0,"footnotes":""},"class_list":["post-201","page","type-page","status-publish","hentry"],"acf":[],"yoast_head":"<!-- This site is optimized with the Yoast SEO plugin v27.2 - https:\/\/yoast.com\/product\/yoast-seo-wordpress\/ -->\n<title>Certyfikaty jako\u015bci - Oostdam Metalen<\/title>\n<meta name=\"robots\" content=\"index, follow, max-snippet:-1, max-image-preview:large, max-video-preview:-1\" \/>\n<link rel=\"canonical\" href=\"https:\/\/oostdam-metalen.nl\/pl\/qualitaetsnorm\/\" \/>\n<meta property=\"og:locale\" content=\"pl_PL\" \/>\n<meta property=\"og:type\" content=\"article\" \/>\n<meta property=\"og:title\" content=\"Certyfikaty jako\u015bci - Oostdam Metalen\" \/>\n<meta property=\"og:description\" content=\"[vc_row][vc_column][vc_column_text]Oostdam oznacza jako\u015b\u0107, czego dowodem jest lista naszych klient\u00f3w. Certyfikaty ISO 9001, ISO 14001 oraz Certyfikat Bezpiecze\u0144stwa stanowi\u0105 potwierdzenie posiadanej przez nas wiedzy oraz gwarantuj\u0105 przetwarzanie materia\u0142\u00f3w w spos\u00f3b przyjazny dla \u015brodowiska. Materia\u0142 musi by\u0107 wolny od promieniowania radioaktywnego, materia\u0142\u00f3w wybuchowych, zamkni\u0119tych zbiornik\u00f3w zagra\u017caj\u0105cych wybuchem. \u00a0Towar jest ka\u017cdorazowo kontrolowany przy u\u017cyciu specjalistycznych urz\u0105dze\u0144. [\/vc_column_text][\/vc_column][\/vc_row][vc_row][vc_column][vc_empty_space][\/vc_column][\/vc_row][vc_row][vc_column][vc_column_text] [\/vc_column_text][\/vc_column][\/vc_row]\" \/>\n<meta property=\"og:url\" content=\"https:\/\/oostdam-metalen.nl\/pl\/qualitaetsnorm\/\" \/>\n<meta property=\"og:site_name\" content=\"Oostdam Metalen\" \/>\n<meta property=\"article:modified_time\" content=\"2015-09-02T21:11:22+00:00\" \/>\n<meta property=\"og:image\" content=\"http:\/\/oostdam-metalen.nl\/wp-content\/uploads\/2015\/07\/iso9001-300x138.gif\" \/>\n<meta name=\"twitter:card\" content=\"summary_large_image\" \/>\n<meta name=\"twitter:label1\" content=\"Szacowany czas czytania\" \/>\n\t<meta name=\"twitter:data1\" content=\"1 minuta\" \/>\n<script type=\"application\/ld+json\" class=\"yoast-schema-graph\">{\"@context\":\"https:\/\/schema.org\",\"@graph\":[{\"@type\":\"WebPage\",\"@id\":\"https:\/\/oostdam-metalen.nl\/pl\/qualitaetsnorm\/\",\"url\":\"https:\/\/oostdam-metalen.nl\/pl\/qualitaetsnorm\/\",\"name\":\"Certyfikaty jako\u015bci - Oostdam Metalen\",\"isPartOf\":{\"@id\":\"https:\/\/oostdam-metalen.nl\/#website\"},\"primaryImageOfPage\":{\"@id\":\"https:\/\/oostdam-metalen.nl\/pl\/qualitaetsnorm\/#primaryimage\"},\"image\":{\"@id\":\"https:\/\/oostdam-metalen.nl\/pl\/qualitaetsnorm\/#primaryimage\"},\"thumbnailUrl\":\"http:\/\/oostdam-metalen.nl\/wp-content\/uploads\/2015\/07\/iso9001-300x138.gif\",\"datePublished\":\"2015-08-21T07:22:59+00:00\",\"dateModified\":\"2015-09-02T21:11:22+00:00\",\"breadcrumb\":{\"@id\":\"https:\/\/oostdam-metalen.nl\/pl\/qualitaetsnorm\/#breadcrumb\"},\"inLanguage\":\"pl-PL\",\"potentialAction\":[{\"@type\":\"ReadAction\",\"target\":[\"https:\/\/oostdam-metalen.nl\/pl\/qualitaetsnorm\/\"]}]},{\"@type\":\"ImageObject\",\"inLanguage\":\"pl-PL\",\"@id\":\"https:\/\/oostdam-metalen.nl\/pl\/qualitaetsnorm\/#primaryimage\",\"url\":\"http:\/\/oostdam-metalen.nl\/wp-content\/uploads\/2015\/07\/iso9001-300x138.gif\",\"contentUrl\":\"http:\/\/oostdam-metalen.nl\/wp-content\/uploads\/2015\/07\/iso9001-300x138.gif\"},{\"@type\":\"BreadcrumbList\",\"@id\":\"https:\/\/oostdam-metalen.nl\/pl\/qualitaetsnorm\/#breadcrumb\",\"itemListElement\":[{\"@type\":\"ListItem\",\"position\":1,\"name\":\"Home\",\"item\":\"https:\/\/oostdam-metalen.nl\/pl\/\"},{\"@type\":\"ListItem\",\"position\":2,\"name\":\"Certyfikaty jako\u015bci\"}]},{\"@type\":\"WebSite\",\"@id\":\"https:\/\/oostdam-metalen.nl\/#website\",\"url\":\"https:\/\/oostdam-metalen.nl\/\",\"name\":\"Oostdam Metalen\",\"description\":\"\",\"potentialAction\":[{\"@type\":\"SearchAction\",\"target\":{\"@type\":\"EntryPoint\",\"urlTemplate\":\"https:\/\/oostdam-metalen.nl\/?s={search_term_string}\"},\"query-input\":{\"@type\":\"PropertyValueSpecification\",\"valueRequired\":true,\"valueName\":\"search_term_string\"}}],\"inLanguage\":\"pl-PL\"}]}<\/script>\n<!-- \/ Yoast SEO plugin. -->","yoast_head_json":{"title":"Certyfikaty jako\u015bci - Oostdam Metalen","robots":{"index":"index","follow":"follow","max-snippet":"max-snippet:-1","max-image-preview":"max-image-preview:large","max-video-preview":"max-video-preview:-1"},"canonical":"https:\/\/oostdam-metalen.nl\/pl\/qualitaetsnorm\/","og_locale":"pl_PL","og_type":"article","og_title":"Certyfikaty jako\u015bci - Oostdam Metalen","og_description":"[vc_row][vc_column][vc_column_text]Oostdam oznacza jako\u015b\u0107, czego dowodem jest lista naszych klient\u00f3w. Certyfikaty ISO 9001, ISO 14001 oraz Certyfikat Bezpiecze\u0144stwa stanowi\u0105 potwierdzenie posiadanej przez nas wiedzy oraz gwarantuj\u0105 przetwarzanie materia\u0142\u00f3w w spos\u00f3b przyjazny dla \u015brodowiska. Materia\u0142 musi by\u0107 wolny od promieniowania radioaktywnego, materia\u0142\u00f3w wybuchowych, zamkni\u0119tych zbiornik\u00f3w zagra\u017caj\u0105cych wybuchem. \u00a0Towar jest ka\u017cdorazowo kontrolowany przy u\u017cyciu specjalistycznych urz\u0105dze\u0144. [\/vc_column_text][\/vc_column][\/vc_row][vc_row][vc_column][vc_empty_space][\/vc_column][\/vc_row][vc_row][vc_column][vc_column_text] [\/vc_column_text][\/vc_column][\/vc_row]","og_url":"https:\/\/oostdam-metalen.nl\/pl\/qualitaetsnorm\/","og_site_name":"Oostdam Metalen","article_modified_time":"2015-09-02T21:11:22+00:00","og_image":[{"url":"http:\/\/oostdam-metalen.nl\/wp-content\/uploads\/2015\/07\/iso9001-300x138.gif","type":"","width":"","height":""}],"twitter_card":"summary_large_image","twitter_misc":{"Szacowany czas czytania":"1 minuta"},"schema":{"@context":"https:\/\/schema.org","@graph":[{"@type":"WebPage","@id":"https:\/\/oostdam-metalen.nl\/pl\/qualitaetsnorm\/","url":"https:\/\/oostdam-metalen.nl\/pl\/qualitaetsnorm\/","name":"Certyfikaty jako\u015bci - Oostdam Metalen","isPartOf":{"@id":"https:\/\/oostdam-metalen.nl\/#website"},"primaryImageOfPage":{"@id":"https:\/\/oostdam-metalen.nl\/pl\/qualitaetsnorm\/#primaryimage"},"image":{"@id":"https:\/\/oostdam-metalen.nl\/pl\/qualitaetsnorm\/#primaryimage"},"thumbnailUrl":"http:\/\/oostdam-metalen.nl\/wp-content\/uploads\/2015\/07\/iso9001-300x138.gif","datePublished":"2015-08-21T07:22:59+00:00","dateModified":"2015-09-02T21:11:22+00:00","breadcrumb":{"@id":"https:\/\/oostdam-metalen.nl\/pl\/qualitaetsnorm\/#breadcrumb"},"inLanguage":"pl-PL","potentialAction":[{"@type":"ReadAction","target":["https:\/\/oostdam-metalen.nl\/pl\/qualitaetsnorm\/"]}]},{"@type":"ImageObject","inLanguage":"pl-PL","@id":"https:\/\/oostdam-metalen.nl\/pl\/qualitaetsnorm\/#primaryimage","url":"http:\/\/oostdam-metalen.nl\/wp-content\/uploads\/2015\/07\/iso9001-300x138.gif","contentUrl":"http:\/\/oostdam-metalen.nl\/wp-content\/uploads\/2015\/07\/iso9001-300x138.gif"},{"@type":"BreadcrumbList","@id":"https:\/\/oostdam-metalen.nl\/pl\/qualitaetsnorm\/#breadcrumb","itemListElement":[{"@type":"ListItem","position":1,"name":"Home","item":"https:\/\/oostdam-metalen.nl\/pl\/"},{"@type":"ListItem","position":2,"name":"Certyfikaty jako\u015bci"}]},{"@type":"WebSite","@id":"https:\/\/oostdam-metalen.nl\/#website","url":"https:\/\/oostdam-metalen.nl\/","name":"Oostdam Metalen","description":"","potentialAction":[{"@type":"SearchAction","target":{"@type":"EntryPoint","urlTemplate":"https:\/\/oostdam-metalen.nl\/?s={search_term_string}"},"query-input":{"@type":"PropertyValueSpecification","valueRequired":true,"valueName":"search_term_string"}}],"inLanguage":"pl-PL"}]}},"_links":{"self":[{"href":"https:\/\/oostdam-metalen.nl\/pl\/wp-json\/wp\/v2\/pages\/201","targetHints":{"allow":["GET"]}}],"collection":[{"href":"https:\/\/oostdam-metalen.nl\/pl\/wp-json\/wp\/v2\/pages"}],"about":[{"href":"https:\/\/oostdam-metalen.nl\/pl\/wp-json\/wp\/v2\/types\/page"}],"author":[{"embeddable":true,"href":"https:\/\/oostdam-metalen.nl\/pl\/wp-json\/wp\/v2\/users\/1"}],"replies":[{"embeddable":true,"href":"https:\/\/oostdam-metalen.nl\/pl\/wp-json\/wp\/v2\/comments?post=201"}],"version-history":[{"count":3,"href":"https:\/\/oostdam-metalen.nl\/pl\/wp-json\/wp\/v2\/pages\/201\/revisions"}],"predecessor-version":[{"id":340,"href":"https:\/\/oostdam-metalen.nl\/pl\/wp-json\/wp\/v2\/pages\/201\/revisions\/340"}],"wp:attachment":[{"href":"https:\/\/oostdam-metalen.nl\/pl\/wp-json\/wp\/v2\/media?parent=201"}],"curies":[{"name":"wp","href":"https:\/\/api.w.org\/{rel}","templated":true}]}}