{"id":209,"date":"2015-08-21T08:34:11","date_gmt":"2015-08-21T07:34:11","guid":{"rendered":"http:\/\/oostdam-metalen.nl\/?page_id=209&#038;lang=pl"},"modified":"2023-04-03T15:06:48","modified_gmt":"2023-04-03T14:06:48","slug":"home","status":"publish","type":"page","link":"https:\/\/oostdam-metalen.nl\/pl\/","title":{"rendered":"Strona g\u0142\u00f3wna"},"content":{"rendered":"<div class=\"wpb-content-wrapper\"><p>[vc_row full_width=&#8221;1&#8243; overlay_color=&#8221;#ffffff&#8221; overlay_color_opacity=&#8221;20&#8243; parallax=&#8221;1&#8243; toc_id=&#8221;home-row&#8221; bg_image_fb=&#8221;54&#8243; css=&#8221;.vc_custom_1437735182110{padding-top: 50px !important;padding-bottom: 50px !important;background: #efefef url(http:\/\/oostdam-metalen.nl\/wp-content\/uploads\/2015\/07\/bg_wit.jpg?id=54);}&#8221;][vc_column width=&#8221;1\/3&#8243; css=&#8221;.vc_custom_1437734063894{border-top-width: 1px !important;border-bottom-width: 1px !important;background-color: rgba(255,255,255,0.01) !important;*background-color: rgb(255,255,255) !important;border-top-color: #cecece !important;border-top-style: none !important;border-bottom-color: #cecece !important;border-bottom-style: none !important;}&#8221;][vc_empty_space height=&#8221;15px&#8221;][vc_single_image image=&#8221;385&#8243; img_size=&#8221;full&#8221; alignment=&#8221;center&#8221; onclick=&#8221;custom_link&#8221; css=&#8221;.vc_custom_1437740537075{border-top-width: 2px !important;border-right-width: 2px !important;border-bottom-width: 2px !important;border-left-width: 2px !important;border-left-color: #8e8e8e !important;border-left-style: solid !important;border-right-color: #8e8e8e !important;border-right-style: solid !important;border-top-color: #8e8e8e !important;border-top-style: solid !important;border-bottom-color: #8e8e8e !important;border-bottom-style: solid !important;}&#8221; link=&#8221;\/verwerking\/&#8221;][vc_column_text]<\/p>\n<h4>Przetwarzanie<\/h4>\n<p>Na terenie naszych oddzia\u0142\u00f3w mamy mo\u017cliwo\u015b\u0107 kompletnej obr\u00f3bki z\u0142omu stalowego i metali kolorowych.<\/p>\n<p>Dysponujemy kontenerami r\u00f3\u017cnych wielko\u015bci oraz w\u0142asnym transportem gwarantuj\u0105cym szybk\u0105 realizacj\u0119 zlece\u0144. Nasze place i magazyny przystosowane s\u0105 do szybkiego za\u0142adunku i roz\u0142adunku towar\u00f3w.[\/vc_column_text][\/vc_column][vc_column width=&#8221;1\/3&#8243; css=&#8221;.vc_custom_1437734069784{border-top-width: 1px !important;border-bottom-width: 1px !important;background-color: rgba(255,255,255,0.01) !important;*background-color: rgb(255,255,255) !important;border-top-color: #cecece !important;border-top-style: none !important;border-bottom-color: #cecece !important;border-bottom-style: none !important;}&#8221;][vc_empty_space height=&#8221;15px&#8221;][vc_single_image image=&#8221;382&#8243; img_size=&#8221;full&#8221; alignment=&#8221;center&#8221; onclick=&#8221;custom_link&#8221; css=&#8221;.vc_custom_1439991216233{border-top-width: 2px !important;border-right-width: 2px !important;border-bottom-width: 2px !important;border-left-width: 2px !important;border-left-color: #8e8e8e !important;border-left-style: solid !important;border-right-color: #8e8e8e !important;border-right-style: solid !important;border-top-color: #8e8e8e !important;border-top-style: solid !important;border-bottom-color: #8e8e8e !important;border-bottom-style: solid !important;}&#8221; link=&#8221;\/wagenpark\/&#8221;][vc_column_text]<\/p>\n<h4>Flota<\/h4>\n<p>Dzi\u0119ki nowoczesnej flocie pojazd\u00f3w obejmuj\u0105cej samoza\u0142adowcze samochody ci\u0119\u017carowe\u00a0 z przyczepami, ci\u0105gniki siod\u0142owe z naczepami i kontenery mog\u0105cej pomie\u015bci\u0107 od 1m3 do 35m3 jeste\u015bmy w stanie sprosta\u0107 nawet najbardziej wymagaj\u0105cym zam\u00f3wieniom.[\/vc_column_text][\/vc_column][vc_column width=&#8221;1\/3&#8243; css=&#8221;.vc_custom_1437734057731{border-top-width: 1px !important;border-bottom-width: 1px !important;background-color: rgba(255,255,255,0.01) !important;*background-color: rgb(255,255,255) !important;border-top-color: #cecece !important;border-top-style: none !important;border-bottom-color: #cecece !important;border-bottom-style: none !important;}&#8221;][vc_empty_space height=&#8221;15px&#8221;][vc_single_image image=&#8221;388&#8243; img_size=&#8221;full&#8221; alignment=&#8221;center&#8221; onclick=&#8221;custom_link&#8221; css=&#8221;.vc_custom_1437740606810{border-top-width: 2px !important;border-right-width: 2px !important;border-bottom-width: 2px !important;border-left-width: 2px !important;border-left-color: #8e8e8e !important;border-left-style: solid !important;border-right-color: #8e8e8e !important;border-right-style: solid !important;border-top-color: #8e8e8e !important;border-top-style: solid !important;border-bottom-color: #8e8e8e !important;border-bottom-style: solid !important;}&#8221; link=&#8221;\/contact&#8221;][vc_column_text]<\/p>\n<h4>Kontakt<\/h4>\n<p>Krakowskie Przedmie\u015bcie 132 C<br \/>\n32-087 Zielonki<br \/>\nPolen<br \/>\nbiuro@ostra-metale.pl<\/p>\n<p>Jeste\u015b zainteresowany jedn\u0105 z naszych us\u0142ug?[\/vc_column_text][\/vc_column][\/vc_row][vc_row][vc_column width=&#8221;1\/3&#8243;][vc_btn title=&#8221;Wi\u0119cej o przetwarzaniu&#8221; align=&#8221;center&#8221; button_block=&#8221;true&#8221; link=&#8221;url:%2Fprzetwarzanie%2F||&#8221;][\/vc_column][vc_column width=&#8221;1\/3&#8243;][vc_btn title=&#8221;Wi\u0119cej o flocie&#8221; align=&#8221;center&#8221; button_block=&#8221;true&#8221; link=&#8221;url:%2Fflota%2F||&#8221;][\/vc_column][vc_column width=&#8221;1\/3&#8243;][vc_btn title=&#8221;Kontakt&#8221; align=&#8221;center&#8221; button_block=&#8221;true&#8221; link=&#8221;url:%2Fkontakt%2F%3Flang%3Dpl||&#8221;][\/vc_column][\/vc_row][vc_row full_width=&#8221;1&#8243; font_color=&#8221;#ffffff&#8221; css=&#8221;.vc_custom_1437735213325{padding-top: 40px !important;padding-bottom: 25px !important;background-color: #004271 !important;}&#8221;][vc_column][vc_column_text]<\/p>\n<h4 style=\"text-align: center;\"><span style=\"color: #ffffff;\">Oostdam jest jedn\u0105 z najwi\u0119kszych sp\u00f3\u0142ek mi\u0119dzynarodowych zajmuj\u0105cych si\u0119 obrotem z\u0142omem stalowym i metalami kolorowymi, jak r\u00f3wnie\u017c pracami wyburzeniowymi.<\/span><br \/>\n<span style=\"color: #ffffff;\"><br \/>\nSpecjalizujemy si\u0119 w rozbi\u00f3rkach kompleks\u00f3w fabrycznych.<br \/>\nJeste\u015bmy w stanie podj\u0105\u0107 si\u0119 prac na ka\u017cd\u0105 skal\u0119.<\/span><br \/>\n<span style=\"color: #ffffff;\"> Nasi klienci zawsze mog\u0105 liczy\u0107 na profesjonaln\u0105 obs\u0142ug\u0119 z naszej strony.<\/span><\/h4>\n<p>[\/vc_column_text][\/vc_column][\/vc_row][vc_row][vc_column][vc_empty_space][\/vc_column][\/vc_row][vc_row full_width=&#8221;1&#8243;][vc_column width=&#8221;1\/6&#8243; offset=&#8221;vc_hidden-xs&#8221;][vc_single_image image=&#8221;412&#8243;][\/vc_column][vc_column width=&#8221;1\/6&#8243; offset=&#8221;vc_hidden-xs&#8221;][vc_single_image image=&#8221;409&#8243;][\/vc_column][vc_column width=&#8221;1\/6&#8243; offset=&#8221;vc_hidden-xs&#8221;][vc_single_image image=&#8221;406&#8243;][\/vc_column][vc_column width=&#8221;1\/6&#8243; offset=&#8221;vc_hidden-xs&#8221;][vc_single_image image=&#8221;403&#8243;][\/vc_column][vc_column width=&#8221;1\/6&#8243; offset=&#8221;vc_hidden-xs&#8221;][vc_single_image image=&#8221;400&#8243;][\/vc_column][vc_column width=&#8221;1\/6&#8243; offset=&#8221;vc_hidden-xs&#8221;][vc_single_image image=&#8221;412&#8243;][\/vc_column][\/vc_row]<\/p>\n<\/div>","protected":false},"excerpt":{"rendered":"<p>[vc_row full_width=&#8221;1&#8243; overlay_color=&#8221;#ffffff&#8221; overlay_color_opacity=&#8221;20&#8243; parallax=&#8221;1&#8243; toc_id=&#8221;home-row&#8221; bg_image_fb=&#8221;54&#8243; css=&#8221;.vc_custom_1437735182110{padding-top: 50px !important;padding-bottom: 50px !important;background: #efefef url(http:\/\/oostdam-metalen.nl\/wp-content\/uploads\/2015\/07\/bg_wit.jpg?id=54);}&#8221;][vc_column width=&#8221;1\/3&#8243; css=&#8221;.vc_custom_1437734063894{border-top-width: 1px !important;border-bottom-width: 1px !important;background-color: rgba(255,255,255,0.01) !important;*background-color: rgb(255,255,255) !important;border-top-color: #cecece !important;border-top-style: none !important;border-bottom-color: #cecece !important;border-bottom-style: none !important;}&#8221;][vc_empty_space height=&#8221;15px&#8221;][vc_single_image image=&#8221;385&#8243; img_size=&#8221;full&#8221; alignment=&#8221;center&#8221; onclick=&#8221;custom_link&#8221; css=&#8221;.vc_custom_1437740537075{border-top-width: 2px !important;border-right-width: 2px !important;border-bottom-width: 2px !important;border-left-width: 2px !important;border-left-color: #8e8e8e !important;border-left-style: solid !important;border-right-color: #8e8e8e !important;border-right-style: solid !important;border-top-color: #8e8e8e&#8230;<\/p>\n","protected":false},"author":1,"featured_media":0,"parent":0,"menu_order":0,"comment_status":"closed","ping_status":"closed","template":"template-fullwidth.php","meta":{"_acf_changed":false,"_bbp_topic_count":0,"_bbp_reply_count":0,"_bbp_total_topic_count":0,"_bbp_total_reply_count":0,"_bbp_voice_count":0,"_bbp_anonymous_reply_count":0,"_bbp_topic_count_hidden":0,"_bbp_reply_count_hidden":0,"_bbp_forum_subforum_count":0,"footnotes":""},"class_list":["post-209","page","type-page","status-publish","hentry"],"acf":[],"yoast_head":"<!-- This site is optimized with the Yoast SEO plugin v27.2 - https:\/\/yoast.com\/product\/yoast-seo-wordpress\/ -->\n<title>Strona g\u0142\u00f3wna - Oostdam Metalen<\/title>\n<meta name=\"robots\" content=\"index, follow, max-snippet:-1, max-image-preview:large, max-video-preview:-1\" \/>\n<link rel=\"canonical\" href=\"https:\/\/oostdam-metalen.nl\/pl\/\" \/>\n<meta property=\"og:locale\" content=\"pl_PL\" \/>\n<meta property=\"og:type\" content=\"article\" \/>\n<meta property=\"og:title\" content=\"Strona g\u0142\u00f3wna - Oostdam Metalen\" \/>\n<meta property=\"og:description\" content=\"[vc_row full_width=&#8221;1&#8243; overlay_color=&#8221;#ffffff&#8221; overlay_color_opacity=&#8221;20&#8243; parallax=&#8221;1&#8243; toc_id=&#8221;home-row&#8221; bg_image_fb=&#8221;54&#8243; css=&#8221;.vc_custom_1437735182110{padding-top: 50px !important;padding-bottom: 50px !important;background: #efefef url(http:\/\/oostdam-metalen.nl\/wp-content\/uploads\/2015\/07\/bg_wit.jpg?id=54);}&#8221;][vc_column width=&#8221;1\/3&#8243; css=&#8221;.vc_custom_1437734063894{border-top-width: 1px !important;border-bottom-width: 1px !important;background-color: rgba(255,255,255,0.01) !important;*background-color: rgb(255,255,255) !important;border-top-color: #cecece !important;border-top-style: none !important;border-bottom-color: #cecece !important;border-bottom-style: none !important;}&#8221;][vc_empty_space height=&#8221;15px&#8221;][vc_single_image image=&#8221;385&#8243; img_size=&#8221;full&#8221; alignment=&#8221;center&#8221; onclick=&#8221;custom_link&#8221; css=&#8221;.vc_custom_1437740537075{border-top-width: 2px !important;border-right-width: 2px !important;border-bottom-width: 2px !important;border-left-width: 2px !important;border-left-color: #8e8e8e !important;border-left-style: solid !important;border-right-color: #8e8e8e !important;border-right-style: solid !important;border-top-color: #8e8e8e...\" \/>\n<meta property=\"og:url\" content=\"https:\/\/oostdam-metalen.nl\/pl\/\" \/>\n<meta property=\"og:site_name\" content=\"Oostdam Metalen\" \/>\n<meta property=\"article:modified_time\" content=\"2023-04-03T14:06:48+00:00\" \/>\n<meta name=\"twitter:card\" content=\"summary_large_image\" \/>\n<meta name=\"twitter:label1\" content=\"Szacowany czas czytania\" \/>\n\t<meta name=\"twitter:data1\" content=\"2 minuty\" \/>\n<script type=\"application\/ld+json\" class=\"yoast-schema-graph\">{\"@context\":\"https:\/\/schema.org\",\"@graph\":[{\"@type\":\"WebPage\",\"@id\":\"https:\/\/oostdam-metalen.nl\/pl\/\",\"url\":\"https:\/\/oostdam-metalen.nl\/pl\/\",\"name\":\"Strona g\u0142\u00f3wna - Oostdam Metalen\",\"isPartOf\":{\"@id\":\"https:\/\/oostdam-metalen.nl\/#website\"},\"datePublished\":\"2015-08-21T07:34:11+00:00\",\"dateModified\":\"2023-04-03T14:06:48+00:00\",\"breadcrumb\":{\"@id\":\"https:\/\/oostdam-metalen.nl\/pl\/#breadcrumb\"},\"inLanguage\":\"pl-PL\",\"potentialAction\":[{\"@type\":\"ReadAction\",\"target\":[\"https:\/\/oostdam-metalen.nl\/pl\/\"]}]},{\"@type\":\"BreadcrumbList\",\"@id\":\"https:\/\/oostdam-metalen.nl\/pl\/#breadcrumb\",\"itemListElement\":[{\"@type\":\"ListItem\",\"position\":1,\"name\":\"Home\",\"item\":\"https:\/\/oostdam-metalen.nl\/pl\/\"},{\"@type\":\"ListItem\",\"position\":2,\"name\":\"Strona g\u0142\u00f3wna\"}]},{\"@type\":\"WebSite\",\"@id\":\"https:\/\/oostdam-metalen.nl\/#website\",\"url\":\"https:\/\/oostdam-metalen.nl\/\",\"name\":\"Oostdam Metalen\",\"description\":\"\",\"potentialAction\":[{\"@type\":\"SearchAction\",\"target\":{\"@type\":\"EntryPoint\",\"urlTemplate\":\"https:\/\/oostdam-metalen.nl\/?s={search_term_string}\"},\"query-input\":{\"@type\":\"PropertyValueSpecification\",\"valueRequired\":true,\"valueName\":\"search_term_string\"}}],\"inLanguage\":\"pl-PL\"}]}<\/script>\n<!-- \/ Yoast SEO plugin. -->","yoast_head_json":{"title":"Strona g\u0142\u00f3wna - Oostdam Metalen","robots":{"index":"index","follow":"follow","max-snippet":"max-snippet:-1","max-image-preview":"max-image-preview:large","max-video-preview":"max-video-preview:-1"},"canonical":"https:\/\/oostdam-metalen.nl\/pl\/","og_locale":"pl_PL","og_type":"article","og_title":"Strona g\u0142\u00f3wna - Oostdam Metalen","og_description":"[vc_row full_width=&#8221;1&#8243; overlay_color=&#8221;#ffffff&#8221; overlay_color_opacity=&#8221;20&#8243; parallax=&#8221;1&#8243; toc_id=&#8221;home-row&#8221; bg_image_fb=&#8221;54&#8243; css=&#8221;.vc_custom_1437735182110{padding-top: 50px !important;padding-bottom: 50px !important;background: #efefef url(http:\/\/oostdam-metalen.nl\/wp-content\/uploads\/2015\/07\/bg_wit.jpg?id=54);}&#8221;][vc_column width=&#8221;1\/3&#8243; css=&#8221;.vc_custom_1437734063894{border-top-width: 1px !important;border-bottom-width: 1px !important;background-color: rgba(255,255,255,0.01) !important;*background-color: rgb(255,255,255) !important;border-top-color: #cecece !important;border-top-style: none !important;border-bottom-color: #cecece !important;border-bottom-style: none !important;}&#8221;][vc_empty_space height=&#8221;15px&#8221;][vc_single_image image=&#8221;385&#8243; img_size=&#8221;full&#8221; alignment=&#8221;center&#8221; onclick=&#8221;custom_link&#8221; css=&#8221;.vc_custom_1437740537075{border-top-width: 2px !important;border-right-width: 2px !important;border-bottom-width: 2px !important;border-left-width: 2px !important;border-left-color: #8e8e8e !important;border-left-style: solid !important;border-right-color: #8e8e8e !important;border-right-style: solid !important;border-top-color: #8e8e8e...","og_url":"https:\/\/oostdam-metalen.nl\/pl\/","og_site_name":"Oostdam Metalen","article_modified_time":"2023-04-03T14:06:48+00:00","twitter_card":"summary_large_image","twitter_misc":{"Szacowany czas czytania":"2 minuty"},"schema":{"@context":"https:\/\/schema.org","@graph":[{"@type":"WebPage","@id":"https:\/\/oostdam-metalen.nl\/pl\/","url":"https:\/\/oostdam-metalen.nl\/pl\/","name":"Strona g\u0142\u00f3wna - Oostdam Metalen","isPartOf":{"@id":"https:\/\/oostdam-metalen.nl\/#website"},"datePublished":"2015-08-21T07:34:11+00:00","dateModified":"2023-04-03T14:06:48+00:00","breadcrumb":{"@id":"https:\/\/oostdam-metalen.nl\/pl\/#breadcrumb"},"inLanguage":"pl-PL","potentialAction":[{"@type":"ReadAction","target":["https:\/\/oostdam-metalen.nl\/pl\/"]}]},{"@type":"BreadcrumbList","@id":"https:\/\/oostdam-metalen.nl\/pl\/#breadcrumb","itemListElement":[{"@type":"ListItem","position":1,"name":"Home","item":"https:\/\/oostdam-metalen.nl\/pl\/"},{"@type":"ListItem","position":2,"name":"Strona g\u0142\u00f3wna"}]},{"@type":"WebSite","@id":"https:\/\/oostdam-metalen.nl\/#website","url":"https:\/\/oostdam-metalen.nl\/","name":"Oostdam Metalen","description":"","potentialAction":[{"@type":"SearchAction","target":{"@type":"EntryPoint","urlTemplate":"https:\/\/oostdam-metalen.nl\/?s={search_term_string}"},"query-input":{"@type":"PropertyValueSpecification","valueRequired":true,"valueName":"search_term_string"}}],"inLanguage":"pl-PL"}]}},"_links":{"self":[{"href":"https:\/\/oostdam-metalen.nl\/pl\/wp-json\/wp\/v2\/pages\/209","targetHints":{"allow":["GET"]}}],"collection":[{"href":"https:\/\/oostdam-metalen.nl\/pl\/wp-json\/wp\/v2\/pages"}],"about":[{"href":"https:\/\/oostdam-metalen.nl\/pl\/wp-json\/wp\/v2\/types\/page"}],"author":[{"embeddable":true,"href":"https:\/\/oostdam-metalen.nl\/pl\/wp-json\/wp\/v2\/users\/1"}],"replies":[{"embeddable":true,"href":"https:\/\/oostdam-metalen.nl\/pl\/wp-json\/wp\/v2\/comments?post=209"}],"version-history":[{"count":18,"href":"https:\/\/oostdam-metalen.nl\/pl\/wp-json\/wp\/v2\/pages\/209\/revisions"}],"predecessor-version":[{"id":461,"href":"https:\/\/oostdam-metalen.nl\/pl\/wp-json\/wp\/v2\/pages\/209\/revisions\/461"}],"wp:attachment":[{"href":"https:\/\/oostdam-metalen.nl\/pl\/wp-json\/wp\/v2\/media?parent=209"}],"curies":[{"name":"wp","href":"https:\/\/api.w.org\/{rel}","templated":true}]}}