{"id":222,"date":"2015-08-21T08:54:42","date_gmt":"2015-08-21T07:54:42","guid":{"rendered":"http:\/\/oostdam-metalen.nl\/?page_id=222&#038;lang=pl"},"modified":"2015-09-02T22:20:24","modified_gmt":"2015-09-02T21:20:24","slug":"kontenery","status":"publish","type":"page","link":"https:\/\/oostdam-metalen.nl\/pl\/kontenery\/","title":{"rendered":"Kontenery"},"content":{"rendered":"<div class=\"wpb-content-wrapper\"><p>[vc_row][vc_column][vc_column_text]W sprawach zwi\u0105zanych ze z\u0142omem trafiaj\u0105c do nas macie Pa\u0144stwo gwarancj\u0119, \u017ce trafili\u015bcie pod w\u0142a\u015bciwy adres.<span style=\"line-height: 1.5;\">[\/vc_column_text][\/vc_column][\/vc_row][vc_row][vc_column][vc_empty_space][\/vc_column][\/vc_row][vc_row][vc_column][vc_column_text]<\/span><\/p>\n<div class=\"mpcth-vc-row-wrap mpcth-vc-row-wrap-full-width \">\n<div class=\"vc_row wpb_row vc_row-fluid\">\n<div class=\"wpb_column vc_column_container vc_col-sm-2 vc_hidden-xs\">\n<div class=\"wpb_wrapper\">\n<div class=\"wpb_single_image wpb_content_element vc_align_left\">\n<div class=\"wpb_wrapper\">\n<div class=\"vc_single_image-wrapper vc_box_border_grey\"><img loading=\"lazy\" decoding=\"async\" class=\"vc_single_image-img attachment-thumbnail\" src=\"http:\/\/oostdam-metalen.nl\/wp-content\/uploads\/2015\/07\/pic6-150x150.jpg\" alt=\"pic6\" width=\"150\" height=\"150\" \/><\/div>\n<\/div>\n<\/div>\n<\/div>\n<\/div>\n<div class=\"wpb_column vc_column_container vc_col-sm-2 vc_hidden-xs\">\n<div class=\"wpb_wrapper\">\n<div class=\"wpb_single_image wpb_content_element vc_align_left\">\n<div class=\"wpb_wrapper\">\n<div class=\"vc_single_image-wrapper vc_box_border_grey\"><img loading=\"lazy\" decoding=\"async\" class=\"vc_single_image-img attachment-thumbnail\" src=\"http:\/\/oostdam-metalen.nl\/wp-content\/uploads\/2015\/07\/pic5-150x150.jpg\" alt=\"pic5\" width=\"150\" height=\"150\" \/><\/div>\n<\/div>\n<\/div>\n<\/div>\n<\/div>\n<div class=\"wpb_column vc_column_container vc_col-sm-2 vc_hidden-xs\">\n<div class=\"wpb_wrapper\">\n<div class=\"wpb_single_image wpb_content_element vc_align_left\">\n<div class=\"wpb_wrapper\">\n<div class=\"vc_single_image-wrapper vc_box_border_grey\"><img loading=\"lazy\" decoding=\"async\" class=\"vc_single_image-img attachment-thumbnail\" src=\"http:\/\/oostdam-metalen.nl\/wp-content\/uploads\/2015\/07\/pic4-150x150.jpg\" alt=\"pic4\" width=\"150\" height=\"150\" \/><\/div>\n<\/div>\n<\/div>\n<\/div>\n<\/div>\n<div class=\"wpb_column vc_column_container vc_col-sm-2 vc_hidden-xs\">\n<div class=\"wpb_wrapper\">\n<div class=\"wpb_single_image wpb_content_element vc_align_left\">\n<div class=\"wpb_wrapper\">\n<div class=\"vc_single_image-wrapper vc_box_border_grey\"><img loading=\"lazy\" decoding=\"async\" class=\"vc_single_image-img attachment-thumbnail\" src=\"http:\/\/oostdam-metalen.nl\/wp-content\/uploads\/2015\/07\/pic3-150x150.jpg\" alt=\"pic3\" width=\"150\" height=\"150\" \/><\/div>\n<\/div>\n<\/div>\n<\/div>\n<\/div>\n<div class=\"wpb_column vc_column_container vc_col-sm-2 vc_hidden-xs\">\n<div class=\"wpb_wrapper\">\n<div class=\"wpb_single_image wpb_content_element vc_align_left\">\n<div class=\"wpb_wrapper\">\n<div class=\"vc_single_image-wrapper vc_box_border_grey\"><img loading=\"lazy\" decoding=\"async\" class=\"vc_single_image-img attachment-thumbnail\" src=\"http:\/\/oostdam-metalen.nl\/wp-content\/uploads\/2015\/07\/pic2-150x150.jpg\" alt=\"pic2\" width=\"150\" height=\"150\" \/><\/div>\n<\/div>\n<\/div>\n<\/div>\n<\/div>\n<div class=\"wpb_column vc_column_container vc_col-sm-2 vc_hidden-xs\">\n<div class=\"wpb_wrapper\">\n<div class=\"wpb_single_image wpb_content_element vc_align_left\">\n<div class=\"wpb_wrapper\">\n<div class=\"vc_single_image-wrapper vc_box_border_grey\"><img loading=\"lazy\" decoding=\"async\" class=\"vc_single_image-img attachment-thumbnail\" src=\"http:\/\/oostdam-metalen.nl\/wp-content\/uploads\/2015\/07\/pic6-150x150.jpg\" alt=\"pic6\" width=\"150\" height=\"150\" \/><\/div>\n<\/div>\n<\/div>\n<\/div>\n<\/div>\n<\/div>\n<\/div>\n<p>[\/vc_column_text][\/vc_column][\/vc_row]<\/p>\n<\/div>","protected":false},"excerpt":{"rendered":"<p>[vc_row][vc_column][vc_column_text]W sprawach zwi\u0105zanych ze z\u0142omem trafiaj\u0105c do nas macie Pa\u0144stwo gwarancj\u0119, \u017ce trafili\u015bcie pod w\u0142a\u015bciwy adres.[\/vc_column_text][\/vc_column][\/vc_row][vc_row][vc_column][vc_empty_space][\/vc_column][\/vc_row][vc_row][vc_column][vc_column_text] [\/vc_column_text][\/vc_column][\/vc_row]<\/p>\n","protected":false},"author":1,"featured_media":0,"parent":0,"menu_order":0,"comment_status":"closed","ping_status":"closed","template":"","meta":{"_acf_changed":false,"_bbp_topic_count":0,"_bbp_reply_count":0,"_bbp_total_topic_count":0,"_bbp_total_reply_count":0,"_bbp_voice_count":0,"_bbp_anonymous_reply_count":0,"_bbp_topic_count_hidden":0,"_bbp_reply_count_hidden":0,"_bbp_forum_subforum_count":0,"footnotes":""},"class_list":["post-222","page","type-page","status-publish","hentry"],"acf":[],"yoast_head":"<!-- This site is optimized with the Yoast SEO plugin v27.2 - https:\/\/yoast.com\/product\/yoast-seo-wordpress\/ -->\n<title>Kontenery - Oostdam Metalen<\/title>\n<meta name=\"robots\" content=\"index, follow, max-snippet:-1, max-image-preview:large, max-video-preview:-1\" \/>\n<link rel=\"canonical\" href=\"https:\/\/oostdam-metalen.nl\/pl\/kontenery\/\" \/>\n<meta property=\"og:locale\" content=\"pl_PL\" \/>\n<meta property=\"og:type\" content=\"article\" \/>\n<meta property=\"og:title\" content=\"Kontenery - Oostdam Metalen\" \/>\n<meta property=\"og:description\" content=\"[vc_row][vc_column][vc_column_text]W sprawach zwi\u0105zanych ze z\u0142omem trafiaj\u0105c do nas macie Pa\u0144stwo gwarancj\u0119, \u017ce trafili\u015bcie pod w\u0142a\u015bciwy adres.[\/vc_column_text][\/vc_column][\/vc_row][vc_row][vc_column][vc_empty_space][\/vc_column][\/vc_row][vc_row][vc_column][vc_column_text] [\/vc_column_text][\/vc_column][\/vc_row]\" \/>\n<meta property=\"og:url\" content=\"https:\/\/oostdam-metalen.nl\/pl\/kontenery\/\" \/>\n<meta property=\"og:site_name\" content=\"Oostdam Metalen\" \/>\n<meta property=\"article:modified_time\" content=\"2015-09-02T21:20:24+00:00\" \/>\n<meta property=\"og:image\" content=\"http:\/\/oostdam-metalen.nl\/wp-content\/uploads\/2015\/07\/pic6-150x150.jpg\" \/>\n<meta name=\"twitter:card\" content=\"summary_large_image\" \/>\n<script type=\"application\/ld+json\" class=\"yoast-schema-graph\">{\"@context\":\"https:\/\/schema.org\",\"@graph\":[{\"@type\":\"WebPage\",\"@id\":\"https:\/\/oostdam-metalen.nl\/pl\/kontenery\/\",\"url\":\"https:\/\/oostdam-metalen.nl\/pl\/kontenery\/\",\"name\":\"Kontenery - Oostdam Metalen\",\"isPartOf\":{\"@id\":\"https:\/\/oostdam-metalen.nl\/#website\"},\"primaryImageOfPage\":{\"@id\":\"https:\/\/oostdam-metalen.nl\/pl\/kontenery\/#primaryimage\"},\"image\":{\"@id\":\"https:\/\/oostdam-metalen.nl\/pl\/kontenery\/#primaryimage\"},\"thumbnailUrl\":\"http:\/\/oostdam-metalen.nl\/wp-content\/uploads\/2015\/07\/pic6-150x150.jpg\",\"datePublished\":\"2015-08-21T07:54:42+00:00\",\"dateModified\":\"2015-09-02T21:20:24+00:00\",\"breadcrumb\":{\"@id\":\"https:\/\/oostdam-metalen.nl\/pl\/kontenery\/#breadcrumb\"},\"inLanguage\":\"pl-PL\",\"potentialAction\":[{\"@type\":\"ReadAction\",\"target\":[\"https:\/\/oostdam-metalen.nl\/pl\/kontenery\/\"]}]},{\"@type\":\"ImageObject\",\"inLanguage\":\"pl-PL\",\"@id\":\"https:\/\/oostdam-metalen.nl\/pl\/kontenery\/#primaryimage\",\"url\":\"http:\/\/oostdam-metalen.nl\/wp-content\/uploads\/2015\/07\/pic6-150x150.jpg\",\"contentUrl\":\"http:\/\/oostdam-metalen.nl\/wp-content\/uploads\/2015\/07\/pic6-150x150.jpg\"},{\"@type\":\"BreadcrumbList\",\"@id\":\"https:\/\/oostdam-metalen.nl\/pl\/kontenery\/#breadcrumb\",\"itemListElement\":[{\"@type\":\"ListItem\",\"position\":1,\"name\":\"Home\",\"item\":\"https:\/\/oostdam-metalen.nl\/pl\/\"},{\"@type\":\"ListItem\",\"position\":2,\"name\":\"Kontenery\"}]},{\"@type\":\"WebSite\",\"@id\":\"https:\/\/oostdam-metalen.nl\/#website\",\"url\":\"https:\/\/oostdam-metalen.nl\/\",\"name\":\"Oostdam Metalen\",\"description\":\"\",\"potentialAction\":[{\"@type\":\"SearchAction\",\"target\":{\"@type\":\"EntryPoint\",\"urlTemplate\":\"https:\/\/oostdam-metalen.nl\/?s={search_term_string}\"},\"query-input\":{\"@type\":\"PropertyValueSpecification\",\"valueRequired\":true,\"valueName\":\"search_term_string\"}}],\"inLanguage\":\"pl-PL\"}]}<\/script>\n<!-- \/ Yoast SEO plugin. -->","yoast_head_json":{"title":"Kontenery - Oostdam Metalen","robots":{"index":"index","follow":"follow","max-snippet":"max-snippet:-1","max-image-preview":"max-image-preview:large","max-video-preview":"max-video-preview:-1"},"canonical":"https:\/\/oostdam-metalen.nl\/pl\/kontenery\/","og_locale":"pl_PL","og_type":"article","og_title":"Kontenery - Oostdam Metalen","og_description":"[vc_row][vc_column][vc_column_text]W sprawach zwi\u0105zanych ze z\u0142omem trafiaj\u0105c do nas macie Pa\u0144stwo gwarancj\u0119, \u017ce trafili\u015bcie pod w\u0142a\u015bciwy adres.[\/vc_column_text][\/vc_column][\/vc_row][vc_row][vc_column][vc_empty_space][\/vc_column][\/vc_row][vc_row][vc_column][vc_column_text] [\/vc_column_text][\/vc_column][\/vc_row]","og_url":"https:\/\/oostdam-metalen.nl\/pl\/kontenery\/","og_site_name":"Oostdam Metalen","article_modified_time":"2015-09-02T21:20:24+00:00","og_image":[{"url":"http:\/\/oostdam-metalen.nl\/wp-content\/uploads\/2015\/07\/pic6-150x150.jpg","type":"","width":"","height":""}],"twitter_card":"summary_large_image","schema":{"@context":"https:\/\/schema.org","@graph":[{"@type":"WebPage","@id":"https:\/\/oostdam-metalen.nl\/pl\/kontenery\/","url":"https:\/\/oostdam-metalen.nl\/pl\/kontenery\/","name":"Kontenery - Oostdam Metalen","isPartOf":{"@id":"https:\/\/oostdam-metalen.nl\/#website"},"primaryImageOfPage":{"@id":"https:\/\/oostdam-metalen.nl\/pl\/kontenery\/#primaryimage"},"image":{"@id":"https:\/\/oostdam-metalen.nl\/pl\/kontenery\/#primaryimage"},"thumbnailUrl":"http:\/\/oostdam-metalen.nl\/wp-content\/uploads\/2015\/07\/pic6-150x150.jpg","datePublished":"2015-08-21T07:54:42+00:00","dateModified":"2015-09-02T21:20:24+00:00","breadcrumb":{"@id":"https:\/\/oostdam-metalen.nl\/pl\/kontenery\/#breadcrumb"},"inLanguage":"pl-PL","potentialAction":[{"@type":"ReadAction","target":["https:\/\/oostdam-metalen.nl\/pl\/kontenery\/"]}]},{"@type":"ImageObject","inLanguage":"pl-PL","@id":"https:\/\/oostdam-metalen.nl\/pl\/kontenery\/#primaryimage","url":"http:\/\/oostdam-metalen.nl\/wp-content\/uploads\/2015\/07\/pic6-150x150.jpg","contentUrl":"http:\/\/oostdam-metalen.nl\/wp-content\/uploads\/2015\/07\/pic6-150x150.jpg"},{"@type":"BreadcrumbList","@id":"https:\/\/oostdam-metalen.nl\/pl\/kontenery\/#breadcrumb","itemListElement":[{"@type":"ListItem","position":1,"name":"Home","item":"https:\/\/oostdam-metalen.nl\/pl\/"},{"@type":"ListItem","position":2,"name":"Kontenery"}]},{"@type":"WebSite","@id":"https:\/\/oostdam-metalen.nl\/#website","url":"https:\/\/oostdam-metalen.nl\/","name":"Oostdam Metalen","description":"","potentialAction":[{"@type":"SearchAction","target":{"@type":"EntryPoint","urlTemplate":"https:\/\/oostdam-metalen.nl\/?s={search_term_string}"},"query-input":{"@type":"PropertyValueSpecification","valueRequired":true,"valueName":"search_term_string"}}],"inLanguage":"pl-PL"}]}},"_links":{"self":[{"href":"https:\/\/oostdam-metalen.nl\/pl\/wp-json\/wp\/v2\/pages\/222","targetHints":{"allow":["GET"]}}],"collection":[{"href":"https:\/\/oostdam-metalen.nl\/pl\/wp-json\/wp\/v2\/pages"}],"about":[{"href":"https:\/\/oostdam-metalen.nl\/pl\/wp-json\/wp\/v2\/types\/page"}],"author":[{"embeddable":true,"href":"https:\/\/oostdam-metalen.nl\/pl\/wp-json\/wp\/v2\/users\/1"}],"replies":[{"embeddable":true,"href":"https:\/\/oostdam-metalen.nl\/pl\/wp-json\/wp\/v2\/comments?post=222"}],"version-history":[{"count":2,"href":"https:\/\/oostdam-metalen.nl\/pl\/wp-json\/wp\/v2\/pages\/222\/revisions"}],"predecessor-version":[{"id":344,"href":"https:\/\/oostdam-metalen.nl\/pl\/wp-json\/wp\/v2\/pages\/222\/revisions\/344"}],"wp:attachment":[{"href":"https:\/\/oostdam-metalen.nl\/pl\/wp-json\/wp\/v2\/media?parent=222"}],"curies":[{"name":"wp","href":"https:\/\/api.w.org\/{rel}","templated":true}]}}