{"id":227,"date":"2015-08-21T09:01:57","date_gmt":"2015-08-21T08:01:57","guid":{"rendered":"http:\/\/oostdam-metalen.nl\/?page_id=227&#038;lang=pl"},"modified":"2015-09-02T22:22:27","modified_gmt":"2015-09-02T21:22:27","slug":"ladowarki","status":"publish","type":"page","link":"https:\/\/oostdam-metalen.nl\/pl\/ladowarki\/","title":{"rendered":"\u0141adowarki"},"content":{"rendered":"<div class=\"wpb-content-wrapper\"><p>[vc_row][vc_column][vc_column_text]<\/p>\n<p>Oostdam dysponuje \u0142adowarkami przemys\u0142owymi firmy Liebherr przystosowanymi do przerobu z\u0142omu stalowego i metali kolorowych. Ka\u017cda \u0142adowarka jest wyposa\u017cona w magnes.<\/p>\n<p>Wysoko\u015b\u0107 kabiny \u0142adowarki mo\u017ce by\u0107 regulowana, a rami\u0119 maszyny mo\u017ce si\u0119ga\u0107 od 11,5 m do 18,5 m.<\/p>\n<p>Niekt\u00f3re z \u0142adowarek dysponuj\u0105 systemem umo\u017cliwiaj\u0105cym dokonywanie szybkiej zmiany pracy z no\u017cyc na chwytak lub magnes, dzi\u0119ki czemu r\u0119czna zmiana element\u00f3w zosta\u0142a ca\u0142kowicie wyeliminowana.<\/p>\n<p><span style=\"line-height: 1.5;\">[\/vc_column_text][\/vc_column][\/vc_row][vc_row][vc_column][vc_empty_space][\/vc_column][\/vc_row][vc_row][vc_column][vc_column_text]<\/span><\/p>\n<div class=\"mpcth-vc-row-wrap mpcth-vc-row-wrap-full-width \">\n<div class=\"vc_row wpb_row vc_row-fluid\">\n<div class=\"wpb_column vc_column_container vc_col-sm-2 vc_hidden-xs\">\n<div class=\"wpb_wrapper\">\n<div class=\"wpb_single_image wpb_content_element vc_align_left\">\n<div class=\"wpb_wrapper\">\n<div class=\"vc_single_image-wrapper vc_box_border_grey\"><img loading=\"lazy\" decoding=\"async\" class=\"vc_single_image-img attachment-thumbnail\" src=\"http:\/\/oostdam-metalen.nl\/wp-content\/uploads\/2015\/07\/pic6-150x150.jpg\" alt=\"pic6\" width=\"150\" height=\"150\" \/><\/div>\n<\/div>\n<\/div>\n<\/div>\n<\/div>\n<div class=\"wpb_column vc_column_container vc_col-sm-2 vc_hidden-xs\">\n<div class=\"wpb_wrapper\">\n<div class=\"wpb_single_image wpb_content_element vc_align_left\">\n<div class=\"wpb_wrapper\">\n<div class=\"vc_single_image-wrapper vc_box_border_grey\"><img loading=\"lazy\" decoding=\"async\" class=\"vc_single_image-img attachment-thumbnail\" src=\"http:\/\/oostdam-metalen.nl\/wp-content\/uploads\/2015\/07\/pic5-150x150.jpg\" alt=\"pic5\" width=\"150\" height=\"150\" \/><\/div>\n<\/div>\n<\/div>\n<\/div>\n<\/div>\n<div class=\"wpb_column vc_column_container vc_col-sm-2 vc_hidden-xs\">\n<div class=\"wpb_wrapper\">\n<div class=\"wpb_single_image wpb_content_element vc_align_left\">\n<div class=\"wpb_wrapper\">\n<div class=\"vc_single_image-wrapper vc_box_border_grey\"><img loading=\"lazy\" decoding=\"async\" class=\"vc_single_image-img attachment-thumbnail\" src=\"http:\/\/oostdam-metalen.nl\/wp-content\/uploads\/2015\/07\/pic4-150x150.jpg\" alt=\"pic4\" width=\"150\" height=\"150\" \/><\/div>\n<\/div>\n<\/div>\n<\/div>\n<\/div>\n<div class=\"wpb_column vc_column_container vc_col-sm-2 vc_hidden-xs\">\n<div class=\"wpb_wrapper\">\n<div class=\"wpb_single_image wpb_content_element vc_align_left\">\n<div class=\"wpb_wrapper\">\n<div class=\"vc_single_image-wrapper vc_box_border_grey\"><img loading=\"lazy\" decoding=\"async\" class=\"vc_single_image-img attachment-thumbnail\" src=\"http:\/\/oostdam-metalen.nl\/wp-content\/uploads\/2015\/07\/pic3-150x150.jpg\" alt=\"pic3\" width=\"150\" height=\"150\" \/><\/div>\n<\/div>\n<\/div>\n<\/div>\n<\/div>\n<div class=\"wpb_column vc_column_container vc_col-sm-2 vc_hidden-xs\">\n<div class=\"wpb_wrapper\">\n<div class=\"wpb_single_image wpb_content_element vc_align_left\">\n<div class=\"wpb_wrapper\">\n<div class=\"vc_single_image-wrapper vc_box_border_grey\"><img loading=\"lazy\" decoding=\"async\" class=\"vc_single_image-img attachment-thumbnail\" src=\"http:\/\/oostdam-metalen.nl\/wp-content\/uploads\/2015\/07\/pic2-150x150.jpg\" alt=\"pic2\" width=\"150\" height=\"150\" \/><\/div>\n<\/div>\n<\/div>\n<\/div>\n<\/div>\n<div class=\"wpb_column vc_column_container vc_col-sm-2 vc_hidden-xs\">\n<div class=\"wpb_wrapper\">\n<div class=\"wpb_single_image wpb_content_element vc_align_left\">\n<div class=\"wpb_wrapper\">\n<div class=\"vc_single_image-wrapper vc_box_border_grey\"><img loading=\"lazy\" decoding=\"async\" class=\"vc_single_image-img attachment-thumbnail\" src=\"http:\/\/oostdam-metalen.nl\/wp-content\/uploads\/2015\/07\/pic6-150x150.jpg\" alt=\"pic6\" width=\"150\" height=\"150\" \/><\/div>\n<\/div>\n<\/div>\n<\/div>\n<\/div>\n<\/div>\n<\/div>\n<p>[\/vc_column_text][\/vc_column][\/vc_row]<\/p>\n<\/div>","protected":false},"excerpt":{"rendered":"<p>[vc_row][vc_column][vc_column_text] Oostdam dysponuje \u0142adowarkami przemys\u0142owymi firmy Liebherr przystosowanymi do przerobu z\u0142omu stalowego i metali kolorowych. Ka\u017cda \u0142adowarka jest wyposa\u017cona w magnes. Wysoko\u015b\u0107 kabiny \u0142adowarki mo\u017ce by\u0107 regulowana, a rami\u0119 maszyny mo\u017ce si\u0119ga\u0107 od 11,5 m do 18,5 m. Niekt\u00f3re z \u0142adowarek dysponuj\u0105 systemem umo\u017cliwiaj\u0105cym dokonywanie szybkiej zmiany pracy z no\u017cyc na chwytak lub magnes, dzi\u0119ki&#8230;<\/p>\n","protected":false},"author":1,"featured_media":0,"parent":0,"menu_order":0,"comment_status":"closed","ping_status":"closed","template":"","meta":{"_acf_changed":false,"_bbp_topic_count":0,"_bbp_reply_count":0,"_bbp_total_topic_count":0,"_bbp_total_reply_count":0,"_bbp_voice_count":0,"_bbp_anonymous_reply_count":0,"_bbp_topic_count_hidden":0,"_bbp_reply_count_hidden":0,"_bbp_forum_subforum_count":0,"footnotes":""},"class_list":["post-227","page","type-page","status-publish","hentry"],"acf":[],"yoast_head":"<!-- This site is optimized with the Yoast SEO plugin v27.2 - https:\/\/yoast.com\/product\/yoast-seo-wordpress\/ -->\n<title>\u0141adowarki - Oostdam Metalen<\/title>\n<meta name=\"robots\" content=\"index, follow, max-snippet:-1, max-image-preview:large, max-video-preview:-1\" \/>\n<link rel=\"canonical\" href=\"https:\/\/oostdam-metalen.nl\/pl\/ladowarki\/\" \/>\n<meta property=\"og:locale\" content=\"pl_PL\" \/>\n<meta property=\"og:type\" content=\"article\" \/>\n<meta property=\"og:title\" content=\"\u0141adowarki - Oostdam Metalen\" \/>\n<meta property=\"og:description\" content=\"[vc_row][vc_column][vc_column_text] Oostdam dysponuje \u0142adowarkami przemys\u0142owymi firmy Liebherr przystosowanymi do przerobu z\u0142omu stalowego i metali kolorowych. Ka\u017cda \u0142adowarka jest wyposa\u017cona w magnes. Wysoko\u015b\u0107 kabiny \u0142adowarki mo\u017ce by\u0107 regulowana, a rami\u0119 maszyny mo\u017ce si\u0119ga\u0107 od 11,5 m do 18,5 m. Niekt\u00f3re z \u0142adowarek dysponuj\u0105 systemem umo\u017cliwiaj\u0105cym dokonywanie szybkiej zmiany pracy z no\u017cyc na chwytak lub magnes, dzi\u0119ki...\" \/>\n<meta property=\"og:url\" content=\"https:\/\/oostdam-metalen.nl\/pl\/ladowarki\/\" \/>\n<meta property=\"og:site_name\" content=\"Oostdam Metalen\" \/>\n<meta property=\"article:modified_time\" content=\"2015-09-02T21:22:27+00:00\" \/>\n<meta property=\"og:image\" content=\"http:\/\/oostdam-metalen.nl\/wp-content\/uploads\/2015\/07\/pic6-150x150.jpg\" \/>\n<meta name=\"twitter:card\" content=\"summary_large_image\" \/>\n<meta name=\"twitter:label1\" content=\"Szacowany czas czytania\" \/>\n\t<meta name=\"twitter:data1\" content=\"1 minuta\" \/>\n<script type=\"application\/ld+json\" class=\"yoast-schema-graph\">{\"@context\":\"https:\/\/schema.org\",\"@graph\":[{\"@type\":\"WebPage\",\"@id\":\"https:\/\/oostdam-metalen.nl\/pl\/ladowarki\/\",\"url\":\"https:\/\/oostdam-metalen.nl\/pl\/ladowarki\/\",\"name\":\"\u0141adowarki - Oostdam Metalen\",\"isPartOf\":{\"@id\":\"https:\/\/oostdam-metalen.nl\/#website\"},\"primaryImageOfPage\":{\"@id\":\"https:\/\/oostdam-metalen.nl\/pl\/ladowarki\/#primaryimage\"},\"image\":{\"@id\":\"https:\/\/oostdam-metalen.nl\/pl\/ladowarki\/#primaryimage\"},\"thumbnailUrl\":\"http:\/\/oostdam-metalen.nl\/wp-content\/uploads\/2015\/07\/pic6-150x150.jpg\",\"datePublished\":\"2015-08-21T08:01:57+00:00\",\"dateModified\":\"2015-09-02T21:22:27+00:00\",\"breadcrumb\":{\"@id\":\"https:\/\/oostdam-metalen.nl\/pl\/ladowarki\/#breadcrumb\"},\"inLanguage\":\"pl-PL\",\"potentialAction\":[{\"@type\":\"ReadAction\",\"target\":[\"https:\/\/oostdam-metalen.nl\/pl\/ladowarki\/\"]}]},{\"@type\":\"ImageObject\",\"inLanguage\":\"pl-PL\",\"@id\":\"https:\/\/oostdam-metalen.nl\/pl\/ladowarki\/#primaryimage\",\"url\":\"http:\/\/oostdam-metalen.nl\/wp-content\/uploads\/2015\/07\/pic6-150x150.jpg\",\"contentUrl\":\"http:\/\/oostdam-metalen.nl\/wp-content\/uploads\/2015\/07\/pic6-150x150.jpg\"},{\"@type\":\"BreadcrumbList\",\"@id\":\"https:\/\/oostdam-metalen.nl\/pl\/ladowarki\/#breadcrumb\",\"itemListElement\":[{\"@type\":\"ListItem\",\"position\":1,\"name\":\"Home\",\"item\":\"https:\/\/oostdam-metalen.nl\/pl\/\"},{\"@type\":\"ListItem\",\"position\":2,\"name\":\"\u0141adowarki\"}]},{\"@type\":\"WebSite\",\"@id\":\"https:\/\/oostdam-metalen.nl\/#website\",\"url\":\"https:\/\/oostdam-metalen.nl\/\",\"name\":\"Oostdam Metalen\",\"description\":\"\",\"potentialAction\":[{\"@type\":\"SearchAction\",\"target\":{\"@type\":\"EntryPoint\",\"urlTemplate\":\"https:\/\/oostdam-metalen.nl\/?s={search_term_string}\"},\"query-input\":{\"@type\":\"PropertyValueSpecification\",\"valueRequired\":true,\"valueName\":\"search_term_string\"}}],\"inLanguage\":\"pl-PL\"}]}<\/script>\n<!-- \/ Yoast SEO plugin. -->","yoast_head_json":{"title":"\u0141adowarki - Oostdam Metalen","robots":{"index":"index","follow":"follow","max-snippet":"max-snippet:-1","max-image-preview":"max-image-preview:large","max-video-preview":"max-video-preview:-1"},"canonical":"https:\/\/oostdam-metalen.nl\/pl\/ladowarki\/","og_locale":"pl_PL","og_type":"article","og_title":"\u0141adowarki - Oostdam Metalen","og_description":"[vc_row][vc_column][vc_column_text] Oostdam dysponuje \u0142adowarkami przemys\u0142owymi firmy Liebherr przystosowanymi do przerobu z\u0142omu stalowego i metali kolorowych. Ka\u017cda \u0142adowarka jest wyposa\u017cona w magnes. Wysoko\u015b\u0107 kabiny \u0142adowarki mo\u017ce by\u0107 regulowana, a rami\u0119 maszyny mo\u017ce si\u0119ga\u0107 od 11,5 m do 18,5 m. Niekt\u00f3re z \u0142adowarek dysponuj\u0105 systemem umo\u017cliwiaj\u0105cym dokonywanie szybkiej zmiany pracy z no\u017cyc na chwytak lub magnes, dzi\u0119ki...","og_url":"https:\/\/oostdam-metalen.nl\/pl\/ladowarki\/","og_site_name":"Oostdam Metalen","article_modified_time":"2015-09-02T21:22:27+00:00","og_image":[{"url":"http:\/\/oostdam-metalen.nl\/wp-content\/uploads\/2015\/07\/pic6-150x150.jpg","type":"","width":"","height":""}],"twitter_card":"summary_large_image","twitter_misc":{"Szacowany czas czytania":"1 minuta"},"schema":{"@context":"https:\/\/schema.org","@graph":[{"@type":"WebPage","@id":"https:\/\/oostdam-metalen.nl\/pl\/ladowarki\/","url":"https:\/\/oostdam-metalen.nl\/pl\/ladowarki\/","name":"\u0141adowarki - Oostdam Metalen","isPartOf":{"@id":"https:\/\/oostdam-metalen.nl\/#website"},"primaryImageOfPage":{"@id":"https:\/\/oostdam-metalen.nl\/pl\/ladowarki\/#primaryimage"},"image":{"@id":"https:\/\/oostdam-metalen.nl\/pl\/ladowarki\/#primaryimage"},"thumbnailUrl":"http:\/\/oostdam-metalen.nl\/wp-content\/uploads\/2015\/07\/pic6-150x150.jpg","datePublished":"2015-08-21T08:01:57+00:00","dateModified":"2015-09-02T21:22:27+00:00","breadcrumb":{"@id":"https:\/\/oostdam-metalen.nl\/pl\/ladowarki\/#breadcrumb"},"inLanguage":"pl-PL","potentialAction":[{"@type":"ReadAction","target":["https:\/\/oostdam-metalen.nl\/pl\/ladowarki\/"]}]},{"@type":"ImageObject","inLanguage":"pl-PL","@id":"https:\/\/oostdam-metalen.nl\/pl\/ladowarki\/#primaryimage","url":"http:\/\/oostdam-metalen.nl\/wp-content\/uploads\/2015\/07\/pic6-150x150.jpg","contentUrl":"http:\/\/oostdam-metalen.nl\/wp-content\/uploads\/2015\/07\/pic6-150x150.jpg"},{"@type":"BreadcrumbList","@id":"https:\/\/oostdam-metalen.nl\/pl\/ladowarki\/#breadcrumb","itemListElement":[{"@type":"ListItem","position":1,"name":"Home","item":"https:\/\/oostdam-metalen.nl\/pl\/"},{"@type":"ListItem","position":2,"name":"\u0141adowarki"}]},{"@type":"WebSite","@id":"https:\/\/oostdam-metalen.nl\/#website","url":"https:\/\/oostdam-metalen.nl\/","name":"Oostdam Metalen","description":"","potentialAction":[{"@type":"SearchAction","target":{"@type":"EntryPoint","urlTemplate":"https:\/\/oostdam-metalen.nl\/?s={search_term_string}"},"query-input":{"@type":"PropertyValueSpecification","valueRequired":true,"valueName":"search_term_string"}}],"inLanguage":"pl-PL"}]}},"_links":{"self":[{"href":"https:\/\/oostdam-metalen.nl\/pl\/wp-json\/wp\/v2\/pages\/227","targetHints":{"allow":["GET"]}}],"collection":[{"href":"https:\/\/oostdam-metalen.nl\/pl\/wp-json\/wp\/v2\/pages"}],"about":[{"href":"https:\/\/oostdam-metalen.nl\/pl\/wp-json\/wp\/v2\/types\/page"}],"author":[{"embeddable":true,"href":"https:\/\/oostdam-metalen.nl\/pl\/wp-json\/wp\/v2\/users\/1"}],"replies":[{"embeddable":true,"href":"https:\/\/oostdam-metalen.nl\/pl\/wp-json\/wp\/v2\/comments?post=227"}],"version-history":[{"count":2,"href":"https:\/\/oostdam-metalen.nl\/pl\/wp-json\/wp\/v2\/pages\/227\/revisions"}],"predecessor-version":[{"id":345,"href":"https:\/\/oostdam-metalen.nl\/pl\/wp-json\/wp\/v2\/pages\/227\/revisions\/345"}],"wp:attachment":[{"href":"https:\/\/oostdam-metalen.nl\/pl\/wp-json\/wp\/v2\/media?parent=227"}],"curies":[{"name":"wp","href":"https:\/\/api.w.org\/{rel}","templated":true}]}}